{"id":456,"date":"2022-04-20T11:45:57","date_gmt":"2022-04-20T11:45:57","guid":{"rendered":"https:\/\/www.mapa.bratislavaregion.travel\/vlak-zahoracik\/?page_id=456"},"modified":"2022-09-27T19:09:22","modified_gmt":"2022-09-27T19:09:22","slug":"sv_jozef","status":"publish","type":"page","link":"https:\/\/www.mapa.bratislavaregion.travel\/cesta-krizov\/index.php\/sv_jozef\/","title":{"rendered":"Sv.Jozef\u200b"},"content":{"rendered":"\t\t<div data-elementor-type=\"wp-page\" data-elementor-id=\"456\" class=\"elementor elementor-456\">\n\t\t\t\t\t\t\t\t\t<section class=\"elementor-section elementor-top-section elementor-element elementor-element-35faaf7 elementor-section-boxed elementor-section-height-default elementor-section-height-default\" data-id=\"35faaf7\" data-element_type=\"section\">\n\t\t\t\t\t\t<div class=\"elementor-container elementor-column-gap-default\">\n\t\t\t\t\t<div class=\"elementor-column elementor-col-100 elementor-top-column elementor-element elementor-element-3f6e568\" data-id=\"3f6e568\" data-element_type=\"column\">\n\t\t\t<div class=\"elementor-widget-wrap elementor-element-populated\">\n\t\t\t\t\t\t\t\t<section class=\"elementor-section elementor-inner-section elementor-element elementor-element-d877fda elementor-section-boxed elementor-section-height-default elementor-section-height-default\" data-id=\"d877fda\" data-element_type=\"section\">\n\t\t\t\t\t\t<div class=\"elementor-container elementor-column-gap-default\">\n\t\t\t\t\t<div class=\"elementor-column elementor-col-100 elementor-inner-column elementor-element elementor-element-9b6d7af\" data-id=\"9b6d7af\" data-element_type=\"column\">\n\t\t\t<div class=\"elementor-widget-wrap elementor-element-populated\">\n\t\t\t\t\t\t\t\t<div class=\"elementor-element elementor-element-fcead77 elementor-widget elementor-widget-spacer\" data-id=\"fcead77\" data-element_type=\"widget\" data-widget_type=\"spacer.default\">\n\t\t\t\t<div class=\"elementor-widget-container\">\n\t\t\t<style>\/*! elementor - v3.7.6 - 15-09-2022 *\/\n.elementor-column .elementor-spacer-inner{height:var(--spacer-size)}.e-container{--container-widget-width:100%}.e-container>.elementor-widget-spacer{width:var(--container-widget-width,var(--spacer-size));-ms-flex-item-align:stretch;align-self:stretch;-ms-flex-negative:0;flex-shrink:0}.e-container>.elementor-widget-spacer>.elementor-widget-container,.e-container>.elementor-widget-spacer>.elementor-widget-container>.elementor-spacer{height:100%}.e-container>.elementor-widget-spacer>.elementor-widget-container>.elementor-spacer>.elementor-spacer-inner{height:var(--container-widget-height,var(--spacer-size))}<\/style>\t\t<div class=\"elementor-spacer\">\n\t\t\t<div class=\"elementor-spacer-inner\"><\/div>\n\t\t<\/div>\n\t\t\t\t<\/div>\n\t\t\t\t<\/div>\n\t\t\t\t<div class=\"elementor-element elementor-element-a7a3c98 elementor-widget elementor-widget-heading\" data-id=\"a7a3c98\" data-element_type=\"widget\" data-widget_type=\"heading.default\">\n\t\t\t\t<div class=\"elementor-widget-container\">\n\t\t\t<style>\/*! elementor - v3.7.6 - 15-09-2022 *\/\n.elementor-heading-title{padding:0;margin:0;line-height:1}.elementor-widget-heading .elementor-heading-title[class*=elementor-size-]>a{color:inherit;font-size:inherit;line-height:inherit}.elementor-widget-heading .elementor-heading-title.elementor-size-small{font-size:15px}.elementor-widget-heading .elementor-heading-title.elementor-size-medium{font-size:19px}.elementor-widget-heading .elementor-heading-title.elementor-size-large{font-size:29px}.elementor-widget-heading .elementor-heading-title.elementor-size-xl{font-size:39px}.elementor-widget-heading .elementor-heading-title.elementor-size-xxl{font-size:59px}<\/style><h1 class=\"elementor-heading-title elementor-size-default\">Sv.Jozef<\/h1>\t\t<\/div>\n\t\t\t\t<\/div>\n\t\t\t\t<div class=\"elementor-element elementor-element-1878708 elementor-widget elementor-widget-spacer\" data-id=\"1878708\" data-element_type=\"widget\" data-widget_type=\"spacer.default\">\n\t\t\t\t<div class=\"elementor-widget-container\">\n\t\t\t\t\t<div class=\"elementor-spacer\">\n\t\t\t<div class=\"elementor-spacer-inner\"><\/div>\n\t\t<\/div>\n\t\t\t\t<\/div>\n\t\t\t\t<\/div>\n\t\t\t\t<div class=\"elementor-element elementor-element-b18597f elementor-widget elementor-widget-post-navigation\" data-id=\"b18597f\" data-element_type=\"widget\" data-widget_type=\"post-navigation.default\">\n\t\t\t\t<div class=\"elementor-widget-container\">\n\t\t\t<link rel=\"stylesheet\" href=\"https:\/\/www.mapa.bratislavaregion.travel\/cesta-krizov\/wp-content\/plugins\/elementor-pro\/assets\/css\/widget-theme-elements.min.css\">\t\t<div class=\"elementor-post-navigation\">\n\t\t\t<div class=\"elementor-post-navigation__prev elementor-post-navigation__link\">\n\t\t\t\t<a href=\"https:\/\/www.mapa.bratislavaregion.travel\/cesta-krizov\/index.php\/dusicky\/\" rel=\"prev\"><span class=\"post-navigation__arrow-wrapper post-navigation__arrow-prev\"><i class=\"fa fa-angle-left\" aria-hidden=\"true\"><\/i><span class=\"elementor-screen-only\">Prev<\/span><\/span><span class=\"elementor-post-navigation__link__prev\"><span class=\"post-navigation__prev--title\">Du\u0161i\u010dky\u200b<\/span><\/span><\/a>\t\t\t<\/div>\n\t\t\t\t\t\t<div class=\"elementor-post-navigation__next elementor-post-navigation__link\">\n\t\t\t\t<a href=\"https:\/\/www.mapa.bratislavaregion.travel\/cesta-krizov\/index.php\/brezova_luka\/\" rel=\"next\"><span class=\"elementor-post-navigation__link__next\"><span class=\"post-navigation__next--title\">Brezov\u00e1 l\u00faka<\/span><\/span><span class=\"post-navigation__arrow-wrapper post-navigation__arrow-next\"><i class=\"fa fa-angle-right\" aria-hidden=\"true\"><\/i><span class=\"elementor-screen-only\">Next<\/span><\/span><\/a>\t\t\t<\/div>\n\t\t<\/div>\n\t\t\t\t<\/div>\n\t\t\t\t<\/div>\n\t\t\t\t<div class=\"elementor-element elementor-element-d71671b elementor-widget elementor-widget-spacer\" data-id=\"d71671b\" data-element_type=\"widget\" data-widget_type=\"spacer.default\">\n\t\t\t\t<div class=\"elementor-widget-container\">\n\t\t\t\t\t<div class=\"elementor-spacer\">\n\t\t\t<div class=\"elementor-spacer-inner\"><\/div>\n\t\t<\/div>\n\t\t\t\t<\/div>\n\t\t\t\t<\/div>\n\t\t\t\t<div class=\"elementor-element elementor-element-7e31878 elementor-widget elementor-widget-text-editor\" data-id=\"7e31878\" data-element_type=\"widget\" data-widget_type=\"text-editor.default\">\n\t\t\t\t<div class=\"elementor-widget-container\">\n\t\t\t<style>\/*! elementor - v3.7.6 - 15-09-2022 *\/\n.elementor-widget-text-editor.elementor-drop-cap-view-stacked .elementor-drop-cap{background-color:#818a91;color:#fff}.elementor-widget-text-editor.elementor-drop-cap-view-framed .elementor-drop-cap{color:#818a91;border:3px solid;background-color:transparent}.elementor-widget-text-editor:not(.elementor-drop-cap-view-default) .elementor-drop-cap{margin-top:8px}.elementor-widget-text-editor:not(.elementor-drop-cap-view-default) .elementor-drop-cap-letter{width:1em;height:1em}.elementor-widget-text-editor .elementor-drop-cap{float:left;text-align:center;line-height:1;font-size:50px}.elementor-widget-text-editor .elementor-drop-cap-letter{display:inline-block}<\/style>\t\t\t\t<p>Sv\u00e4t\u00fd Jozef &#8211; man\u017eel Panny M\u00e1rie, matky Je\u017ei\u0161a Krista, bol tes\u00e1r a preto aj je patr\u00f3nom tes\u00e1rov. Ale tie\u017e ochra\u0148uje stol\u00e1rov, rezb\u00e1rov a je patr\u00f3nom dobrej smrti. Popiska na tabu\u013eke uv\u00e1dza \u201cKu cti&nbsp; a chv\u00e1le Sv. Jozefovi. J.L. 1942\u201d.<\/p>\t\t\t\t\t\t<\/div>\n\t\t\t\t<\/div>\n\t\t\t\t\t<\/div>\n\t\t<\/div>\n\t\t\t\t\t\t\t<\/div>\n\t\t<\/section>\n\t\t\t\t\t<\/div>\n\t\t<\/div>\n\t\t\t\t\t\t\t<\/div>\n\t\t<\/section>\n\t\t\t\t<section class=\"elementor-section elementor-top-section elementor-element elementor-element-4904d02 elementor-section-full_width elementor-section-height-default elementor-section-height-default\" data-id=\"4904d02\" data-element_type=\"section\">\n\t\t\t\t\t\t<div class=\"elementor-container elementor-column-gap-no\">\n\t\t\t\t\t<div class=\"elementor-column elementor-col-100 elementor-top-column elementor-element elementor-element-9eb59a7\" data-id=\"9eb59a7\" data-element_type=\"column\">\n\t\t\t<div class=\"elementor-widget-wrap elementor-element-populated\">\n\t\t\t\t\t\t\t\t<div class=\"elementor-element elementor-element-8f01ceb elementor-widget elementor-widget-image\" data-id=\"8f01ceb\" data-element_type=\"widget\" data-settings=\"{&quot;motion_fx_motion_fx_scrolling&quot;:&quot;yes&quot;,&quot;motion_fx_translateY_effect&quot;:&quot;yes&quot;,&quot;motion_fx_translateY_affectedRange&quot;:{&quot;unit&quot;:&quot;%&quot;,&quot;size&quot;:&quot;&quot;,&quot;sizes&quot;:{&quot;start&quot;:20,&quot;end&quot;:49}},&quot;_animation_tablet&quot;:&quot;none&quot;,&quot;motion_fx_devices&quot;:[&quot;desktop&quot;,&quot;tablet&quot;],&quot;motion_fx_translateY_speed&quot;:{&quot;unit&quot;:&quot;px&quot;,&quot;size&quot;:4,&quot;sizes&quot;:[]}}\" data-widget_type=\"image.default\">\n\t\t\t\t<div class=\"elementor-widget-container\">\n\t\t\t<style>\/*! elementor - v3.7.6 - 15-09-2022 *\/\n.elementor-widget-image{text-align:center}.elementor-widget-image a{display:inline-block}.elementor-widget-image a img[src$=\".svg\"]{width:48px}.elementor-widget-image img{vertical-align:middle;display:inline-block}<\/style>\t\t\t\t\t\t\t\t\t\t\t\t<img loading=\"lazy\" decoding=\"async\" width=\"1920\" height=\"1076\" src=\"https:\/\/www.mapa.bratislavaregion.travel\/cesta-krizov\/wp-content\/uploads\/2022\/09\/CestaKrizov_svJozef.jpg\" class=\"attachment-full size-full\" alt=\"\" srcset=\"https:\/\/www.mapa.bratislavaregion.travel\/cesta-krizov\/wp-content\/uploads\/2022\/09\/CestaKrizov_svJozef.jpg 1920w, https:\/\/www.mapa.bratislavaregion.travel\/cesta-krizov\/wp-content\/uploads\/2022\/09\/CestaKrizov_svJozef-300x168.jpg 300w, https:\/\/www.mapa.bratislavaregion.travel\/cesta-krizov\/wp-content\/uploads\/2022\/09\/CestaKrizov_svJozef-1024x574.jpg 1024w, https:\/\/www.mapa.bratislavaregion.travel\/cesta-krizov\/wp-content\/uploads\/2022\/09\/CestaKrizov_svJozef-768x430.jpg 768w, https:\/\/www.mapa.bratislavaregion.travel\/cesta-krizov\/wp-content\/uploads\/2022\/09\/CestaKrizov_svJozef-1536x861.jpg 1536w\" sizes=\"auto, 100vw\" \/>\t\t\t\t\t\t\t\t\t\t\t\t\t\t\t<\/div>\n\t\t\t\t<\/div>\n\t\t\t\t\t<\/div>\n\t\t<\/div>\n\t\t\t\t\t\t\t<\/div>\n\t\t<\/section>\n\t\t\t\t<section class=\"elementor-section elementor-top-section elementor-element elementor-element-f62cd0c elementor-section-boxed elementor-section-height-default elementor-section-height-default\" data-id=\"f62cd0c\" data-element_type=\"section\">\n\t\t\t\t\t\t<div class=\"elementor-container elementor-column-gap-default\">\n\t\t\t\t\t<div class=\"elementor-column elementor-col-100 elementor-top-column elementor-element elementor-element-d13edbe\" data-id=\"d13edbe\" data-element_type=\"column\">\n\t\t\t<div class=\"elementor-widget-wrap elementor-element-populated\">\n\t\t\t\t\t\t\t\t<div class=\"elementor-element elementor-element-36f14a2 elementor-widget-divider--view-line_icon elementor-view-default elementor-widget-divider--element-align-center elementor-widget elementor-widget-divider\" data-id=\"36f14a2\" data-element_type=\"widget\" data-widget_type=\"divider.default\">\n\t\t\t\t<div class=\"elementor-widget-container\">\n\t\t\t<style>\/*! elementor - v3.7.6 - 15-09-2022 *\/\n.elementor-widget-divider{--divider-border-style:none;--divider-border-width:1px;--divider-color:#2c2c2c;--divider-icon-size:20px;--divider-element-spacing:10px;--divider-pattern-height:24px;--divider-pattern-size:20px;--divider-pattern-url:none;--divider-pattern-repeat:repeat-x}.elementor-widget-divider .elementor-divider{display:-webkit-box;display:-ms-flexbox;display:flex}.elementor-widget-divider .elementor-divider__text{font-size:15px;line-height:1;max-width:95%}.elementor-widget-divider .elementor-divider__element{margin:0 var(--divider-element-spacing);-ms-flex-negative:0;flex-shrink:0}.elementor-widget-divider .elementor-icon{font-size:var(--divider-icon-size)}.elementor-widget-divider .elementor-divider-separator{display:-webkit-box;display:-ms-flexbox;display:flex;margin:0;direction:ltr}.elementor-widget-divider--view-line_icon .elementor-divider-separator,.elementor-widget-divider--view-line_text .elementor-divider-separator{-webkit-box-align:center;-ms-flex-align:center;align-items:center}.elementor-widget-divider--view-line_icon .elementor-divider-separator:after,.elementor-widget-divider--view-line_icon .elementor-divider-separator:before,.elementor-widget-divider--view-line_text .elementor-divider-separator:after,.elementor-widget-divider--view-line_text .elementor-divider-separator:before{display:block;content:\"\";border-bottom:0;-webkit-box-flex:1;-ms-flex-positive:1;flex-grow:1;border-top:var(--divider-border-width) var(--divider-border-style) var(--divider-color)}.elementor-widget-divider--element-align-left .elementor-divider .elementor-divider-separator>.elementor-divider__svg:first-of-type{-webkit-box-flex:0;-ms-flex-positive:0;flex-grow:0;-ms-flex-negative:100;flex-shrink:100}.elementor-widget-divider--element-align-left .elementor-divider-separator:before{content:none}.elementor-widget-divider--element-align-left .elementor-divider__element{margin-left:0}.elementor-widget-divider--element-align-right .elementor-divider .elementor-divider-separator>.elementor-divider__svg:last-of-type{-webkit-box-flex:0;-ms-flex-positive:0;flex-grow:0;-ms-flex-negative:100;flex-shrink:100}.elementor-widget-divider--element-align-right .elementor-divider-separator:after{content:none}.elementor-widget-divider--element-align-right .elementor-divider__element{margin-right:0}.elementor-widget-divider:not(.elementor-widget-divider--view-line_text):not(.elementor-widget-divider--view-line_icon) .elementor-divider-separator{border-top:var(--divider-border-width) var(--divider-border-style) var(--divider-color)}.elementor-widget-divider--separator-type-pattern{--divider-border-style:none}.elementor-widget-divider--separator-type-pattern.elementor-widget-divider--view-line .elementor-divider-separator,.elementor-widget-divider--separator-type-pattern:not(.elementor-widget-divider--view-line) .elementor-divider-separator:after,.elementor-widget-divider--separator-type-pattern:not(.elementor-widget-divider--view-line) .elementor-divider-separator:before,.elementor-widget-divider--separator-type-pattern:not([class*=elementor-widget-divider--view]) .elementor-divider-separator{width:100%;min-height:var(--divider-pattern-height);-webkit-mask-size:var(--divider-pattern-size) 100%;mask-size:var(--divider-pattern-size) 100%;-webkit-mask-repeat:var(--divider-pattern-repeat);mask-repeat:var(--divider-pattern-repeat);background-color:var(--divider-color);-webkit-mask-image:var(--divider-pattern-url);mask-image:var(--divider-pattern-url)}.elementor-widget-divider--no-spacing{--divider-pattern-size:auto}.elementor-widget-divider--bg-round{--divider-pattern-repeat:round}.rtl .elementor-widget-divider .elementor-divider__text{direction:rtl}.e-container>.elementor-widget-divider{width:var(--container-widget-width,100%);--flex-grow:var(--container-widget-flex-grow,0)}<\/style>\t\t<div class=\"elementor-divider\">\n\t\t\t<span class=\"elementor-divider-separator\">\n\t\t\t\t\t\t\t<div class=\"elementor-icon elementor-divider__element\">\n\t\t\t\t\t<svg xmlns=\"http:\/\/www.w3.org\/2000\/svg\" xmlns:xlink=\"http:\/\/www.w3.org\/1999\/xlink\" id=\"Layer_1\" x=\"0px\" y=\"0px\" viewBox=\"0 0 48.2 65.5\" style=\"enable-background:new 0 0 48.2 65.5;\" xml:space=\"preserve\"><path d=\"M20.2,24.7c-2.7,0-5.4,0-8.1,0c-0.3,0-0.7,0.4-0.8,0.7c-0.5,1.9-1.8,2.9-3.7,3c-1.7,0.1-2.9-1-3.7-3 c-0.2-0.4-0.7-0.8-1.1-0.9C1,23.9,0,22.6,0,20.9c0-1.7,1-2.9,2.8-3.6c0.4-0.2,0.9-0.5,1.1-0.9c0.9-2.1,2.1-3.1,3.8-3.1 c1.7,0,3,1.1,3.7,3.3c0,0.1,0.1,0.3,0.2,0.4c2.8,0,5.6,0,8.6,0c0-1.9,0-3.7,0-5.5c-2-0.4-3.5-1.4-3.7-3.7c-0.1-1.8,0.9-3.2,2.7-3.9 c0.5-0.2,1-0.7,1.1-1.1C21.1,1,22.4,0,24.1,0c1.8,0,3.1,1,3.8,2.8c0.2,0.4,0.5,0.9,0.9,1c2.1,0.8,3.1,2,3,3.9c0,1.8-1.1,3-3.3,3.7 c-0.1,0-0.3,0.1-0.4,0.2c0,1.8,0,3.5,0,5.4c2.9,0,5.7,0,8.6,0c0.1-0.4,0.3-0.8,0.4-1.2c0.6-1.5,2.1-2.5,3.7-2.5 c1.5,0.1,3,1.1,3.4,2.6c0.2,0.8,0.5,1.2,1.3,1.5c1.7,0.5,2.7,2,2.7,3.6c0,1.6-1.1,3-2.8,3.7c-0.5,0.2-1,0.8-1.2,1.3 c-0.6,1.5-2,2.6-3.6,2.6c-1.6,0-3.1-0.9-3.6-2.5c-0.3-1.1-0.9-1.3-1.9-1.3c-2.3,0.1-4.7,0-7.1,0c0,9.8,0,19.5,0,29.3 c1.9,0.4,3.4,1.3,3.6,3.5c0.2,1.9-0.8,3.4-2.7,4.1c-0.5,0.2-1,0.7-1.1,1.1c-0.7,1.7-2,2.8-3.8,2.7c-1.7,0-2.9-1-3.6-2.8 c-0.2-0.4-0.5-0.9-0.9-1c-2.2-0.9-3.1-2-3-3.9c0-1.9,1.1-3,3.3-3.7c0.1,0,0.3-0.1,0.4-0.2C20.2,44.3,20.2,34.6,20.2,24.7z\"><\/path><\/svg><\/div>\n\t\t\t\t\t\t<\/span>\n\t\t<\/div>\n\t\t\t\t<\/div>\n\t\t\t\t<\/div>\n\t\t\t\t\t<\/div>\n\t\t<\/div>\n\t\t\t\t\t\t\t<\/div>\n\t\t<\/section>\n\t\t\t\t<section class=\"elementor-section elementor-top-section elementor-element elementor-element-be67f1e elementor-section-boxed elementor-section-height-default elementor-section-height-default\" data-id=\"be67f1e\" data-element_type=\"section\">\n\t\t\t\t\t\t<div class=\"elementor-container elementor-column-gap-default\">\n\t\t\t\t\t<div class=\"elementor-column elementor-col-100 elementor-top-column elementor-element elementor-element-ae9a0a3\" data-id=\"ae9a0a3\" data-element_type=\"column\">\n\t\t\t<div class=\"elementor-widget-wrap elementor-element-populated\">\n\t\t\t\t\t\t\t\t<section class=\"elementor-section elementor-inner-section elementor-element elementor-element-776226c elementor-section-boxed elementor-section-height-default elementor-section-height-default\" data-id=\"776226c\" data-element_type=\"section\">\n\t\t\t\t\t\t<div class=\"elementor-container elementor-column-gap-default\">\n\t\t\t\t\t<div class=\"elementor-column elementor-col-100 elementor-inner-column elementor-element elementor-element-e33a5a7\" data-id=\"e33a5a7\" data-element_type=\"column\">\n\t\t\t<div class=\"elementor-widget-wrap elementor-element-populated\">\n\t\t\t\t\t\t\t\t<div class=\"elementor-element elementor-element-3b01195 elementor-widget elementor-widget-spacer\" data-id=\"3b01195\" data-element_type=\"widget\" data-widget_type=\"spacer.default\">\n\t\t\t\t<div class=\"elementor-widget-container\">\n\t\t\t\t\t<div class=\"elementor-spacer\">\n\t\t\t<div class=\"elementor-spacer-inner\"><\/div>\n\t\t<\/div>\n\t\t\t\t<\/div>\n\t\t\t\t<\/div>\n\t\t\t\t<div class=\"elementor-element elementor-element-101b379 elementor-widget elementor-widget-heading\" data-id=\"101b379\" data-element_type=\"widget\" data-widget_type=\"heading.default\">\n\t\t\t\t<div class=\"elementor-widget-container\">\n\t\t\t<h2 class=\"elementor-heading-title elementor-size-default\">Mapov\u00fd sprievodca<\/h2>\t\t<\/div>\n\t\t\t\t<\/div>\n\t\t\t\t\t<\/div>\n\t\t<\/div>\n\t\t\t\t\t\t\t<\/div>\n\t\t<\/section>\n\t\t\t\t<div class=\"elementor-element elementor-element-a0b47b1 elementor-widget elementor-widget-spacer\" data-id=\"a0b47b1\" data-element_type=\"widget\" data-widget_type=\"spacer.default\">\n\t\t\t\t<div class=\"elementor-widget-container\">\n\t\t\t\t\t<div class=\"elementor-spacer\">\n\t\t\t<div class=\"elementor-spacer-inner\"><\/div>\n\t\t<\/div>\n\t\t\t\t<\/div>\n\t\t\t\t<\/div>\n\t\t\t\t\t<\/div>\n\t\t<\/div>\n\t\t\t\t\t\t\t<\/div>\n\t\t<\/section>\n\t\t\t\t<section class=\"elementor-section elementor-top-section elementor-element elementor-element-d28cccc elementor-section-full_width elementor-section-height-default elementor-section-height-default\" data-id=\"d28cccc\" data-element_type=\"section\">\n\t\t\t\t\t\t<div class=\"elementor-container elementor-column-gap-no\">\n\t\t\t\t\t<div class=\"elementor-column elementor-col-100 elementor-top-column elementor-element elementor-element-97ac857\" data-id=\"97ac857\" data-element_type=\"column\">\n\t\t\t<div class=\"elementor-widget-wrap elementor-element-populated\">\n\t\t\t\t\t\t\t\t<div class=\"elementor-element elementor-element-5fba491 elementor-widget elementor-widget-shortcode\" data-id=\"5fba491\" data-element_type=\"widget\" data-widget_type=\"shortcode.default\">\n\t\t\t\t<div class=\"elementor-widget-container\">\n\t\t\t\t\t<div class=\"elementor-shortcode\"><style>.embed-container {position: relative; padding-bottom: 80%; height: 0; max-width: 100%;} .embed-container iframe, .embed-container object, .embed-container iframe{position: absolute; top: 0; left: 0; width: 100%; height: 100%;} small{position: absolute; z-index: 40; bottom: 0; margin-bottom: -15px;}<\/style><div class=\"embed-container\"><iframe loading=\"lazy\" width=\"500\" height=\"400\" frameborder=\"0\" scrolling=\"no\" marginheight=\"0\" marginwidth=\"0\" title=\"KOCR POI Master NEW-CK-Zakladna_mapa_Classic-SvJozef\" src=\"\/\/domcentrope.maps.arcgis.com\/apps\/Embed\/index.html?webmap=68c363477759405d849716fd41e0dae2&extent=17.1595,48.2533,17.1668,48.2559&zoom=true&previewImage=false&scale=true&disable_scroll=true&theme=light\"><\/iframe><\/div><\/div>\n\t\t\t\t<\/div>\n\t\t\t\t<\/div>\n\t\t\t\t\t<\/div>\n\t\t<\/div>\n\t\t\t\t\t\t\t<\/div>\n\t\t<\/section>\n\t\t\t\t\t\t\t<\/div>\n\t\t","protected":false},"excerpt":{"rendered":"<p>Sv.Jozef Sv\u00e4t\u00fd Jozef &#8211; man\u017eel Panny M\u00e1rie, matky Je\u017ei\u0161a Krista, bol tes\u00e1r a preto aj je patr\u00f3nom tes\u00e1rov. Ale tie\u017e ochra\u0148uje stol\u00e1rov, rezb\u00e1rov a je patr\u00f3nom dobrej smrti. Popiska na tabu\u013eke uv\u00e1dza \u201cKu cti&nbsp; a chv\u00e1le Sv. Jozefovi. J.L. 1942\u201d. Mapov\u00fd sprievodca<\/p>\n","protected":false},"author":1,"featured_media":1088,"parent":0,"menu_order":0,"comment_status":"closed","ping_status":"closed","template":"elementor_header_footer","meta":{"footnotes":""},"class_list":["post-456","page","type-page","status-publish","has-post-thumbnail","hentry"],"_links":{"self":[{"href":"https:\/\/www.mapa.bratislavaregion.travel\/cesta-krizov\/index.php\/wp-json\/wp\/v2\/pages\/456","targetHints":{"allow":["GET"]}}],"collection":[{"href":"https:\/\/www.mapa.bratislavaregion.travel\/cesta-krizov\/index.php\/wp-json\/wp\/v2\/pages"}],"about":[{"href":"https:\/\/www.mapa.bratislavaregion.travel\/cesta-krizov\/index.php\/wp-json\/wp\/v2\/types\/page"}],"author":[{"embeddable":true,"href":"https:\/\/www.mapa.bratislavaregion.travel\/cesta-krizov\/index.php\/wp-json\/wp\/v2\/users\/1"}],"replies":[{"embeddable":true,"href":"https:\/\/www.mapa.bratislavaregion.travel\/cesta-krizov\/index.php\/wp-json\/wp\/v2\/comments?post=456"}],"version-history":[{"count":32,"href":"https:\/\/www.mapa.bratislavaregion.travel\/cesta-krizov\/index.php\/wp-json\/wp\/v2\/pages\/456\/revisions"}],"predecessor-version":[{"id":1422,"href":"https:\/\/www.mapa.bratislavaregion.travel\/cesta-krizov\/index.php\/wp-json\/wp\/v2\/pages\/456\/revisions\/1422"}],"wp:featuredmedia":[{"embeddable":true,"href":"https:\/\/www.mapa.bratislavaregion.travel\/cesta-krizov\/index.php\/wp-json\/wp\/v2\/media\/1088"}],"wp:attachment":[{"href":"https:\/\/www.mapa.bratislavaregion.travel\/cesta-krizov\/index.php\/wp-json\/wp\/v2\/media?parent=456"}],"curies":[{"name":"wp","href":"https:\/\/api.w.org\/{rel}","templated":true}]}}