{"id":185,"date":"2023-02-01T07:01:47","date_gmt":"2023-02-01T07:01:47","guid":{"rendered":"https:\/\/www.mapa.bratislavaregion.travel\/geopark-male-karpaty\/?page_id=185"},"modified":"2023-02-09T12:47:54","modified_gmt":"2023-02-09T12:47:54","slug":"pannamaria","status":"publish","type":"page","link":"https:\/\/www.mapa.bratislavaregion.travel\/geopark-male-karpaty\/index.php\/pannamaria\/","title":{"rendered":"\u0160t\u00f4l\u0148a Panna M\u00e1ria Pomocn\u00e1\u200b"},"content":{"rendered":"\t\t<div data-elementor-type=\"wp-page\" data-elementor-id=\"185\" class=\"elementor elementor-185\">\n\t\t\t\t\t\t\t\t\t<section class=\"elementor-section elementor-top-section elementor-element elementor-element-27772a13 elementor-section-boxed elementor-section-height-default elementor-section-height-default\" data-id=\"27772a13\" data-element_type=\"section\">\n\t\t\t\t\t\t<div class=\"elementor-container elementor-column-gap-default\">\n\t\t\t\t\t<div class=\"elementor-column elementor-col-100 elementor-top-column elementor-element elementor-element-10883cd5\" data-id=\"10883cd5\" data-element_type=\"column\">\n\t\t\t<div class=\"elementor-widget-wrap elementor-element-populated\">\n\t\t\t\t\t\t\t\t<div class=\"elementor-element elementor-element-5f734e20 elementor-widget elementor-widget-spacer\" data-id=\"5f734e20\" data-element_type=\"widget\" data-widget_type=\"spacer.default\">\n\t\t\t\t<div class=\"elementor-widget-container\">\n\t\t\t<style>\/*! elementor - v3.14.0 - 18-06-2023 *\/\n.elementor-column .elementor-spacer-inner{height:var(--spacer-size)}.e-con{--container-widget-width:100%}.e-con-inner>.elementor-widget-spacer,.e-con>.elementor-widget-spacer{width:var(--container-widget-width,var(--spacer-size));--align-self:var(--container-widget-align-self,initial);--flex-shrink:0}.e-con-inner>.elementor-widget-spacer>.elementor-widget-container,.e-con-inner>.elementor-widget-spacer>.elementor-widget-container>.elementor-spacer,.e-con>.elementor-widget-spacer>.elementor-widget-container,.e-con>.elementor-widget-spacer>.elementor-widget-container>.elementor-spacer{height:100%}.e-con-inner>.elementor-widget-spacer>.elementor-widget-container>.elementor-spacer>.elementor-spacer-inner,.e-con>.elementor-widget-spacer>.elementor-widget-container>.elementor-spacer>.elementor-spacer-inner{height:var(--container-widget-height,var(--spacer-size))}<\/style>\t\t<div class=\"elementor-spacer\">\n\t\t\t<div class=\"elementor-spacer-inner\"><\/div>\n\t\t<\/div>\n\t\t\t\t<\/div>\n\t\t\t\t<\/div>\n\t\t\t\t<div class=\"elementor-element elementor-element-6863e66d elementor-widget elementor-widget-heading\" data-id=\"6863e66d\" data-element_type=\"widget\" data-widget_type=\"heading.default\">\n\t\t\t\t<div class=\"elementor-widget-container\">\n\t\t\t<style>\/*! elementor - v3.14.0 - 18-06-2023 *\/\n.elementor-heading-title{padding:0;margin:0;line-height:1}.elementor-widget-heading .elementor-heading-title[class*=elementor-size-]>a{color:inherit;font-size:inherit;line-height:inherit}.elementor-widget-heading .elementor-heading-title.elementor-size-small{font-size:15px}.elementor-widget-heading .elementor-heading-title.elementor-size-medium{font-size:19px}.elementor-widget-heading .elementor-heading-title.elementor-size-large{font-size:29px}.elementor-widget-heading .elementor-heading-title.elementor-size-xl{font-size:39px}.elementor-widget-heading .elementor-heading-title.elementor-size-xxl{font-size:59px}<\/style><h1 class=\"elementor-heading-title elementor-size-default\">\u0160t\u00f4l\u0148a Panna M\u00e1ria Pomocn\u00e1<\/h1>\t\t<\/div>\n\t\t\t\t<\/div>\n\t\t\t\t<div class=\"elementor-element elementor-element-2184da05 elementor-widget elementor-widget-text-editor\" data-id=\"2184da05\" data-element_type=\"widget\" data-widget_type=\"text-editor.default\">\n\t\t\t\t<div class=\"elementor-widget-container\">\n\t\t\t<style>\/*! elementor - v3.14.0 - 18-06-2023 *\/\n.elementor-widget-text-editor.elementor-drop-cap-view-stacked .elementor-drop-cap{background-color:#69727d;color:#fff}.elementor-widget-text-editor.elementor-drop-cap-view-framed .elementor-drop-cap{color:#69727d;border:3px solid;background-color:transparent}.elementor-widget-text-editor:not(.elementor-drop-cap-view-default) .elementor-drop-cap{margin-top:8px}.elementor-widget-text-editor:not(.elementor-drop-cap-view-default) .elementor-drop-cap-letter{width:1em;height:1em}.elementor-widget-text-editor .elementor-drop-cap{float:left;text-align:center;line-height:1;font-size:50px}.elementor-widget-text-editor .elementor-drop-cap-letter{display:inline-block}<\/style>\t\t\t\t<p><a href=\"https:\/\/www.mapa.bratislavaregion.travel\/geopark-male-karpaty\/index.php\/banicka-cesta\/\">Ban\u00edcka cesta<\/a><\/p>\t\t\t\t\t\t<\/div>\n\t\t\t\t<\/div>\n\t\t\t\t<div class=\"elementor-element elementor-element-c8e11b2 elementor-widget elementor-widget-text-editor\" data-id=\"c8e11b2\" data-element_type=\"widget\" data-widget_type=\"text-editor.default\">\n\t\t\t\t<div class=\"elementor-widget-container\">\n\t\t\t\t\t\t\t<p>Ak chcete nav\u0161t\u00edvi\u0165 ozaj mimoriadne miesto, vyberte sa na Z\u00e1m\u010disko. Oblas\u0165\u00a0<span style=\"color: var( --e-global-color-text ); font-family: var( --e-global-typography-text-font-family ), Sans-serif; font-weight: var( --e-global-typography-text-font-weight ); font-size: 1rem;\">nad Modrou patr\u00ed k najob\u013e\u00fabenej\u0161\u00edm v Mal\u00fdch Karpatoch a to hne\u010f z\u00a0<\/span><span style=\"color: var( --e-global-color-text ); font-family: var( --e-global-typography-text-font-family ), Sans-serif; font-weight: var( --e-global-typography-text-font-weight ); font-size: 1rem;\">viacer\u00fdch d\u00f4vodov. Jeho vrchn\u00fa \u010das\u0165 tvoria kremence z obdobia spodn\u00e9ho\u00a0<\/span><span style=\"color: var( --e-global-color-text ); font-family: var( --e-global-typography-text-font-family ), Sans-serif; font-weight: var( --e-global-typography-text-font-weight ); font-size: 1rem;\">triasu a na nich sa rozprestieraj\u00fa pozostatky slovansk\u00e9ho hradiska. Pr\u00e1ve v\u00a0<\/span><span style=\"color: var( --e-global-color-text ); font-family: var( --e-global-typography-text-font-family ), Sans-serif; font-weight: var( --e-global-typography-text-font-weight ); font-size: 1rem;\">tomto type horn\u00edn h\u013eadali kedysi ban\u00edci vysokocenen\u00e9 zlato. Preto ne\u010dudo, \u017ee\u00a0<\/span><span style=\"color: var( --e-global-color-text ); font-family: var( --e-global-typography-text-font-family ), Sans-serif; font-weight: var( --e-global-typography-text-font-weight ); font-size: 1rem;\">tu, v skalnom v\u00fdbe\u017eku pri turistickom rozcestn\u00edku, mo\u017eno objavi\u0165 \u0160t\u00f4l\u0148u\u00a0<\/span><span style=\"color: var( --e-global-color-text ); font-family: var( --e-global-typography-text-font-family ), Sans-serif; font-weight: var( --e-global-typography-text-font-weight ); font-size: 1rem;\">Panny M\u00e1rie Pomocnej, ktor\u00e1 bola cel\u00e1 vy\u0165a\u017een\u00e1 ru\u010dne, iba za pomoci\u00a0<\/span><span style=\"color: var( --e-global-color-text ); font-family: var( --e-global-typography-text-font-family ), Sans-serif; font-size: 1rem; font-weight: var( --e-global-typography-text-font-weight );\">primit\u00edvnych n\u00e1strojov. \u0160t\u00f4l\u0148u dlh\u00fa 155 m h\u013abili s pou\u017eit\u00edm \u017eeliezka, kladivka a\u00a0<\/span><span style=\"color: var( --e-global-color-text ); font-family: var( --e-global-typography-text-font-family ), Sans-serif; font-weight: var( --e-global-typography-text-font-weight ); font-size: 1rem;\">banskej motyky cel\u00e9 dek\u00e1dy. Ke\u010f\u017ee tak\u00e9to \u0161t\u00f4lne vznikali kresan\u00edm do\u00a0<\/span><span style=\"color: var( --e-global-color-text ); font-family: var( --e-global-typography-text-font-family ), Sans-serif; font-weight: var( --e-global-typography-text-font-weight ); font-size: 1rem;\">horniny, naz\u00fdvaj\u00fa sa kresanice. Najzn\u00e1mej\u0161ie bansk\u00e9 dielo v Modre je\u00a0<\/span><span style=\"color: var( --e-global-color-text ); font-family: var( --e-global-typography-text-font-family ), Sans-serif; font-weight: var( --e-global-typography-text-font-weight ); font-size: 1rem;\">aktu\u00e1lne vy\u010disten\u00e9 a priechodn\u00e9. Vstup dnu odpor\u00fa\u010dame iba s prilbou a\u00a0<\/span><span style=\"color: var( --e-global-color-text ); font-family: var( --e-global-typography-text-font-family ), Sans-serif; font-weight: var( --e-global-typography-text-font-weight ); font-size: 1rem;\">siln\u00fdm svetlom. V zime n\u00e1v\u0161teva vhodn\u00e1 nie je, ru\u0161ili by ste netopierov, ktor\u00e9\u00a0<\/span><span style=\"color: var( --e-global-color-text ); font-family: var( --e-global-typography-text-font-family ), Sans-serif; font-weight: var( --e-global-typography-text-font-weight ); font-size: 1rem;\">tu nach\u00e1dzaj\u00fa \u00fato\u010disko.<\/span><\/p>\t\t\t\t\t\t<\/div>\n\t\t\t\t<\/div>\n\t\t\t\t\t<\/div>\n\t\t<\/div>\n\t\t\t\t\t\t\t<\/div>\n\t\t<\/section>\n\t\t\t\t<section class=\"elementor-section elementor-top-section elementor-element elementor-element-54cec815 elementor-section-full_width elementor-section-height-default elementor-section-height-default\" data-id=\"54cec815\" data-element_type=\"section\">\n\t\t\t\t\t\t<div class=\"elementor-container elementor-column-gap-no\">\n\t\t\t\t\t<div class=\"elementor-column elementor-col-100 elementor-top-column elementor-element elementor-element-51eb8727\" data-id=\"51eb8727\" data-element_type=\"column\">\n\t\t\t<div class=\"elementor-widget-wrap elementor-element-populated\">\n\t\t\t\t\t\t\t\t<div class=\"elementor-element elementor-element-6e24293b animated-slow elementor-invisible elementor-widget elementor-widget-image\" data-id=\"6e24293b\" data-element_type=\"widget\" data-settings=\"{&quot;motion_fx_motion_fx_scrolling&quot;:&quot;yes&quot;,&quot;motion_fx_translateY_effect&quot;:&quot;yes&quot;,&quot;motion_fx_translateY_affectedRange&quot;:{&quot;unit&quot;:&quot;%&quot;,&quot;size&quot;:&quot;&quot;,&quot;sizes&quot;:{&quot;start&quot;:0,&quot;end&quot;:49}},&quot;_animation&quot;:&quot;fadeIn&quot;,&quot;motion_fx_translateY_speed&quot;:{&quot;unit&quot;:&quot;px&quot;,&quot;size&quot;:4,&quot;sizes&quot;:[]},&quot;motion_fx_devices&quot;:[&quot;desktop&quot;,&quot;tablet&quot;,&quot;mobile&quot;]}\" data-widget_type=\"image.default\">\n\t\t\t\t<div class=\"elementor-widget-container\">\n\t\t\t<style>\/*! elementor - v3.14.0 - 18-06-2023 *\/\n.elementor-widget-image{text-align:center}.elementor-widget-image a{display:inline-block}.elementor-widget-image a img[src$=\".svg\"]{width:48px}.elementor-widget-image img{vertical-align:middle;display:inline-block}<\/style>\t\t\t\t\t\t\t\t\t<figure class=\"wp-caption\">\n\t\t\t\t\t\t\t\t\t\t<img loading=\"lazy\" decoding=\"async\" width=\"1920\" height=\"1000\" src=\"https:\/\/www.mapa.bratislavaregion.travel\/geopark-male-karpaty\/wp-content\/uploads\/2023\/02\/PannaMariaPomocna.jpg\" class=\"attachment-full size-full wp-image-186\" alt=\"\" srcset=\"https:\/\/www.mapa.bratislavaregion.travel\/geopark-male-karpaty\/wp-content\/uploads\/2023\/02\/PannaMariaPomocna.jpg 1920w, https:\/\/www.mapa.bratislavaregion.travel\/geopark-male-karpaty\/wp-content\/uploads\/2023\/02\/PannaMariaPomocna-300x156.jpg 300w, https:\/\/www.mapa.bratislavaregion.travel\/geopark-male-karpaty\/wp-content\/uploads\/2023\/02\/PannaMariaPomocna-1024x533.jpg 1024w, https:\/\/www.mapa.bratislavaregion.travel\/geopark-male-karpaty\/wp-content\/uploads\/2023\/02\/PannaMariaPomocna-768x400.jpg 768w, https:\/\/www.mapa.bratislavaregion.travel\/geopark-male-karpaty\/wp-content\/uploads\/2023\/02\/PannaMariaPomocna-1536x800.jpg 1536w\" sizes=\"auto, (max-width: 1920px) 100vw, 1920px\" \/>\t\t\t\t\t\t\t\t\t\t\t<figcaption class=\"widget-image-caption wp-caption-text\"><\/figcaption>\n\t\t\t\t\t\t\t\t\t\t<\/figure>\n\t\t\t\t\t\t\t\t\t<\/div>\n\t\t\t\t<\/div>\n\t\t\t\t\t<\/div>\n\t\t<\/div>\n\t\t\t\t\t\t\t<\/div>\n\t\t<\/section>\n\t\t\t\t<section class=\"elementor-section elementor-top-section elementor-element elementor-element-60ead7b6 elementor-section-boxed elementor-section-height-default elementor-section-height-default\" data-id=\"60ead7b6\" data-element_type=\"section\">\n\t\t\t\t\t\t<div class=\"elementor-container elementor-column-gap-default\">\n\t\t\t\t\t<div class=\"elementor-column elementor-col-100 elementor-top-column elementor-element elementor-element-12677a91\" data-id=\"12677a91\" data-element_type=\"column\">\n\t\t\t<div class=\"elementor-widget-wrap elementor-element-populated\">\n\t\t\t\t\t\t\t\t<div class=\"elementor-element elementor-element-40b3b6cb elementor-widget elementor-widget-spacer\" data-id=\"40b3b6cb\" data-element_type=\"widget\" data-widget_type=\"spacer.default\">\n\t\t\t\t<div class=\"elementor-widget-container\">\n\t\t\t\t\t<div class=\"elementor-spacer\">\n\t\t\t<div class=\"elementor-spacer-inner\"><\/div>\n\t\t<\/div>\n\t\t\t\t<\/div>\n\t\t\t\t<\/div>\n\t\t\t\t<div class=\"elementor-element elementor-element-14dcd237 elementor-widget elementor-widget-heading\" data-id=\"14dcd237\" data-element_type=\"widget\" data-widget_type=\"heading.default\">\n\t\t\t\t<div class=\"elementor-widget-container\">\n\t\t\t<h2 class=\"elementor-heading-title elementor-size-default\">Mapov\u00fd sprievodca\n<\/h2>\t\t<\/div>\n\t\t\t\t<\/div>\n\t\t\t\t<div class=\"elementor-element elementor-element-13e785dc elementor-widget elementor-widget-spacer\" data-id=\"13e785dc\" data-element_type=\"widget\" data-widget_type=\"spacer.default\">\n\t\t\t\t<div class=\"elementor-widget-container\">\n\t\t\t\t\t<div class=\"elementor-spacer\">\n\t\t\t<div class=\"elementor-spacer-inner\"><\/div>\n\t\t<\/div>\n\t\t\t\t<\/div>\n\t\t\t\t<\/div>\n\t\t\t\t\t<\/div>\n\t\t<\/div>\n\t\t\t\t\t\t\t<\/div>\n\t\t<\/section>\n\t\t\t\t<section class=\"elementor-section elementor-top-section elementor-element elementor-element-4afd864b elementor-section-full_width elementor-section-height-default elementor-section-height-default\" data-id=\"4afd864b\" data-element_type=\"section\">\n\t\t\t\t\t\t<div class=\"elementor-container elementor-column-gap-no\">\n\t\t\t\t\t<div class=\"elementor-column elementor-col-100 elementor-top-column elementor-element elementor-element-44927de6\" data-id=\"44927de6\" data-element_type=\"column\">\n\t\t\t<div class=\"elementor-widget-wrap elementor-element-populated\">\n\t\t\t\t\t\t\t\t<div class=\"elementor-element elementor-element-2290ae35 elementor-widget elementor-widget-shortcode\" data-id=\"2290ae35\" data-element_type=\"widget\" data-widget_type=\"shortcode.default\">\n\t\t\t\t<div class=\"elementor-widget-container\">\n\t\t\t\t\t<div class=\"elementor-shortcode\"><iframe loading=\"lazy\" src=\"https:\/\/domcentrope.maps.arcgis.com\/apps\/instant\/basic\/index.html?appid=d521f585a0e04f6798b4a37773c25cc7\" width=\"400\" height=\"600\" frameborder=\"0\" style=\"border:0\" allowfullscreen>iFrames are not supported on this page.<\/iframe><\/div>\n\t\t\t\t<\/div>\n\t\t\t\t<\/div>\n\t\t\t\t\t<\/div>\n\t\t<\/div>\n\t\t\t\t\t\t\t<\/div>\n\t\t<\/section>\n\t\t\t\t\t\t\t<\/div>\n\t\t","protected":false},"excerpt":{"rendered":"<p>\u0160t\u00f4l\u0148a Panna M\u00e1ria Pomocn\u00e1 Ban\u00edcka cesta Ak chcete nav\u0161t\u00edvi\u0165 ozaj mimoriadne miesto, vyberte sa na Z\u00e1m\u010disko. Oblas\u0165\u00a0nad Modrou patr\u00ed k najob\u013e\u00fabenej\u0161\u00edm v Mal\u00fdch Karpatoch a to hne\u010f z\u00a0viacer\u00fdch d\u00f4vodov. Jeho vrchn\u00fa \u010das\u0165 tvoria kremence z obdobia spodn\u00e9ho\u00a0triasu a na nich sa rozprestieraj\u00fa pozostatky slovansk\u00e9ho hradiska. Pr\u00e1ve v\u00a0tomto type horn\u00edn h\u013eadali kedysi ban\u00edci vysokocenen\u00e9 zlato. Preto [&hellip;]<\/p>\n","protected":false},"author":1,"featured_media":190,"parent":0,"menu_order":0,"comment_status":"closed","ping_status":"closed","template":"elementor_header_footer","meta":{"footnotes":""},"class_list":["post-185","page","type-page","status-publish","has-post-thumbnail","hentry"],"_links":{"self":[{"href":"https:\/\/www.mapa.bratislavaregion.travel\/geopark-male-karpaty\/index.php\/wp-json\/wp\/v2\/pages\/185","targetHints":{"allow":["GET"]}}],"collection":[{"href":"https:\/\/www.mapa.bratislavaregion.travel\/geopark-male-karpaty\/index.php\/wp-json\/wp\/v2\/pages"}],"about":[{"href":"https:\/\/www.mapa.bratislavaregion.travel\/geopark-male-karpaty\/index.php\/wp-json\/wp\/v2\/types\/page"}],"author":[{"embeddable":true,"href":"https:\/\/www.mapa.bratislavaregion.travel\/geopark-male-karpaty\/index.php\/wp-json\/wp\/v2\/users\/1"}],"replies":[{"embeddable":true,"href":"https:\/\/www.mapa.bratislavaregion.travel\/geopark-male-karpaty\/index.php\/wp-json\/wp\/v2\/comments?post=185"}],"version-history":[{"count":7,"href":"https:\/\/www.mapa.bratislavaregion.travel\/geopark-male-karpaty\/index.php\/wp-json\/wp\/v2\/pages\/185\/revisions"}],"predecessor-version":[{"id":445,"href":"https:\/\/www.mapa.bratislavaregion.travel\/geopark-male-karpaty\/index.php\/wp-json\/wp\/v2\/pages\/185\/revisions\/445"}],"wp:featuredmedia":[{"embeddable":true,"href":"https:\/\/www.mapa.bratislavaregion.travel\/geopark-male-karpaty\/index.php\/wp-json\/wp\/v2\/media\/190"}],"wp:attachment":[{"href":"https:\/\/www.mapa.bratislavaregion.travel\/geopark-male-karpaty\/index.php\/wp-json\/wp\/v2\/media?parent=185"}],"curies":[{"name":"wp","href":"https:\/\/api.w.org\/{rel}","templated":true}]}}