{"id":307,"date":"2023-02-02T08:16:02","date_gmt":"2023-02-02T08:16:02","guid":{"rendered":"https:\/\/www.mapa.bratislavaregion.travel\/geopark-male-karpaty\/?page_id=307"},"modified":"2023-02-09T12:45:52","modified_gmt":"2023-02-09T12:45:52","slug":"permonik","status":"publish","type":"page","link":"https:\/\/www.mapa.bratislavaregion.travel\/geopark-male-karpaty\/index.php\/permonik\/","title":{"rendered":"Pezinsk\u00fd Permon\u00edk"},"content":{"rendered":"\t\t<div data-elementor-type=\"wp-page\" data-elementor-id=\"307\" class=\"elementor elementor-307\">\n\t\t\t\t\t\t\t\t\t<section class=\"elementor-section elementor-top-section elementor-element elementor-element-27772a13 elementor-section-boxed elementor-section-height-default elementor-section-height-default\" data-id=\"27772a13\" data-element_type=\"section\">\n\t\t\t\t\t\t<div class=\"elementor-container elementor-column-gap-default\">\n\t\t\t\t\t<div class=\"elementor-column elementor-col-100 elementor-top-column elementor-element elementor-element-10883cd5\" data-id=\"10883cd5\" data-element_type=\"column\">\n\t\t\t<div class=\"elementor-widget-wrap elementor-element-populated\">\n\t\t\t\t\t\t\t\t<div class=\"elementor-element elementor-element-5f734e20 elementor-widget elementor-widget-spacer\" data-id=\"5f734e20\" data-element_type=\"widget\" data-widget_type=\"spacer.default\">\n\t\t\t\t<div class=\"elementor-widget-container\">\n\t\t\t<style>\/*! elementor - v3.14.0 - 18-06-2023 *\/\n.elementor-column .elementor-spacer-inner{height:var(--spacer-size)}.e-con{--container-widget-width:100%}.e-con-inner>.elementor-widget-spacer,.e-con>.elementor-widget-spacer{width:var(--container-widget-width,var(--spacer-size));--align-self:var(--container-widget-align-self,initial);--flex-shrink:0}.e-con-inner>.elementor-widget-spacer>.elementor-widget-container,.e-con-inner>.elementor-widget-spacer>.elementor-widget-container>.elementor-spacer,.e-con>.elementor-widget-spacer>.elementor-widget-container,.e-con>.elementor-widget-spacer>.elementor-widget-container>.elementor-spacer{height:100%}.e-con-inner>.elementor-widget-spacer>.elementor-widget-container>.elementor-spacer>.elementor-spacer-inner,.e-con>.elementor-widget-spacer>.elementor-widget-container>.elementor-spacer>.elementor-spacer-inner{height:var(--container-widget-height,var(--spacer-size))}<\/style>\t\t<div class=\"elementor-spacer\">\n\t\t\t<div class=\"elementor-spacer-inner\"><\/div>\n\t\t<\/div>\n\t\t\t\t<\/div>\n\t\t\t\t<\/div>\n\t\t\t\t<div class=\"elementor-element elementor-element-6863e66d elementor-widget elementor-widget-heading\" data-id=\"6863e66d\" data-element_type=\"widget\" data-widget_type=\"heading.default\">\n\t\t\t\t<div class=\"elementor-widget-container\">\n\t\t\t<style>\/*! elementor - v3.14.0 - 18-06-2023 *\/\n.elementor-heading-title{padding:0;margin:0;line-height:1}.elementor-widget-heading .elementor-heading-title[class*=elementor-size-]>a{color:inherit;font-size:inherit;line-height:inherit}.elementor-widget-heading .elementor-heading-title.elementor-size-small{font-size:15px}.elementor-widget-heading .elementor-heading-title.elementor-size-medium{font-size:19px}.elementor-widget-heading .elementor-heading-title.elementor-size-large{font-size:29px}.elementor-widget-heading .elementor-heading-title.elementor-size-xl{font-size:39px}.elementor-widget-heading .elementor-heading-title.elementor-size-xxl{font-size:59px}<\/style><h1 class=\"elementor-heading-title elementor-size-default\">Pezinsk\u00fd Permon\u00edk<\/h1>\t\t<\/div>\n\t\t\t\t<\/div>\n\t\t\t\t<div class=\"elementor-element elementor-element-2184da05 elementor-widget elementor-widget-text-editor\" data-id=\"2184da05\" data-element_type=\"widget\" data-widget_type=\"text-editor.default\">\n\t\t\t\t<div class=\"elementor-widget-container\">\n\t\t\t<style>\/*! elementor - v3.14.0 - 18-06-2023 *\/\n.elementor-widget-text-editor.elementor-drop-cap-view-stacked .elementor-drop-cap{background-color:#69727d;color:#fff}.elementor-widget-text-editor.elementor-drop-cap-view-framed .elementor-drop-cap{color:#69727d;border:3px solid;background-color:transparent}.elementor-widget-text-editor:not(.elementor-drop-cap-view-default) .elementor-drop-cap{margin-top:8px}.elementor-widget-text-editor:not(.elementor-drop-cap-view-default) .elementor-drop-cap-letter{width:1em;height:1em}.elementor-widget-text-editor .elementor-drop-cap{float:left;text-align:center;line-height:1;font-size:50px}.elementor-widget-text-editor .elementor-drop-cap-letter{display:inline-block}<\/style>\t\t\t\t<p><a href=\"https:\/\/www.mapa.bratislavaregion.travel\/geopark-male-karpaty\/index.php\/podujatia-2\/\">Podujatia<\/a><\/p>\t\t\t\t\t\t<\/div>\n\t\t\t\t<\/div>\n\t\t\t\t<div class=\"elementor-element elementor-element-c8e11b2 elementor-widget elementor-widget-text-editor\" data-id=\"c8e11b2\" data-element_type=\"widget\" data-widget_type=\"text-editor.default\">\n\t\t\t\t<div class=\"elementor-widget-container\">\n\t\t\t\t\t\t\t<p>Pezinsk\u00fd Permon\u00edk je malokarpatsk\u00e1 v\u00fdstava a burza miner\u00e1lov, fos\u00edli\u00ed a\u00a0<span style=\"color: var( --e-global-color-text ); font-family: var( --e-global-typography-text-font-family ), Sans-serif; font-weight: var( --e-global-typography-text-font-weight ); font-size: 1rem;\">drah\u00fdch kame\u0148ov. Okrem toho je to pr\u00edjemn\u00e9 kult\u00farne podujatie, ktor\u00e9 sa\u00a0<\/span><span style=\"color: var( --e-global-color-text ); font-family: var( --e-global-typography-text-font-family ), Sans-serif; font-weight: var( --e-global-typography-text-font-weight ); font-size: 1rem;\">kon\u00e1 v\u017edy v auguste po\u010das troch dn\u00ed. Pripraven\u00e9 s\u00fa fascinuj\u00face v\u00fdstavy,\u00a0<\/span><span style=\"color: var( --e-global-color-text ); font-family: var( --e-global-typography-text-font-family ), Sans-serif; font-weight: var( --e-global-typography-text-font-weight ); font-size: 1rem;\">predajn\u00e1 burza dom\u00e1cich aj zahrani\u010dn\u00fdch vystavovate\u013eov. Radi sa s vami\u00a0<\/span><span style=\"color: var( --e-global-color-text ); font-family: var( --e-global-typography-text-font-family ), Sans-serif; font-weight: var( --e-global-typography-text-font-weight ); font-size: 1rem;\">podelia o svoje vedomosti a cestovate\u013esk\u00e9 z\u00e1\u017eitky, v\u010faka ktor\u00fdm roz\u0161iruj\u00fa\u00a0<\/span><span style=\"color: var( --e-global-color-text ); font-family: var( --e-global-typography-text-font-family ), Sans-serif; font-weight: var( --e-global-typography-text-font-weight ); font-size: 1rem;\">svoje zbierky. Domov si odtia\u013eto m\u00f4\u017eete odnies\u0165 unik\u00e1tne \u0161perky,\u00a0<\/span><span style=\"color: var( --e-global-color-text ); font-family: var( --e-global-typography-text-font-family ), Sans-serif; font-weight: var( --e-global-typography-text-font-weight ); font-size: 1rem;\">skameneliny a origin\u00e1lne k\u00fasky miner\u00e1lov. Podujatie m\u00e1 v\u017edy najvy\u0161\u0161iu\u00a0<\/span><span style=\"color: var( --e-global-color-text ); font-family: var( --e-global-typography-text-font-family ), Sans-serif; font-weight: var( --e-global-typography-text-font-weight ); font-size: 1rem;\">amb\u00edciu pote\u0161i\u0165 aj sprievodn\u00fdm programom ako je ry\u017eovanie zlata, divadielko\u00a0<\/span><span style=\"color: var( --e-global-color-text ); font-family: var( --e-global-typography-text-font-family ), Sans-serif; font-size: 1rem; font-weight: var( --e-global-typography-text-font-weight );\">pre deti, kreat\u00edvne dielni\u010dky, hudobn\u00fd program, predn\u00e1\u0161ky, ochutn\u00e1vky\u00a0<\/span><span style=\"color: var( --e-global-color-text ); font-family: var( --e-global-typography-text-font-family ), Sans-serif; font-weight: var( --e-global-typography-text-font-weight ); font-size: 1rem;\">pezinsk\u00e9ho v\u00ednka a filmov\u00e9 uk\u00e1\u017eky zo \u017eivota ban\u00edkov. Pri banskom voz\u00edku si\u00a0<\/span><span style=\"color: var( --e-global-color-text ); font-family: var( --e-global-typography-text-font-family ), Sans-serif; font-weight: var( --e-global-typography-text-font-weight ); font-size: 1rem;\">ka\u017ed\u00fd rok \u00fa\u010dastn\u00edci uctia pamiatku obet\u00ed bansk\u00fdch ne\u0161\u0165ast\u00ed. Organizuje\u00a0<\/span><span style=\"color: var( --e-global-color-text ); font-family: var( --e-global-typography-text-font-family ), Sans-serif; font-weight: var( --e-global-typography-text-font-weight ); font-size: 1rem;\">Neziskov\u00e1 organiz\u00e1cia Barbora.<\/span><\/p>\t\t\t\t\t\t<\/div>\n\t\t\t\t<\/div>\n\t\t\t\t\t<\/div>\n\t\t<\/div>\n\t\t\t\t\t\t\t<\/div>\n\t\t<\/section>\n\t\t\t\t<section class=\"elementor-section elementor-top-section elementor-element elementor-element-54cec815 elementor-section-full_width elementor-section-height-default elementor-section-height-default\" data-id=\"54cec815\" data-element_type=\"section\">\n\t\t\t\t\t\t<div class=\"elementor-container elementor-column-gap-no\">\n\t\t\t\t\t<div class=\"elementor-column elementor-col-100 elementor-top-column elementor-element elementor-element-51eb8727\" data-id=\"51eb8727\" data-element_type=\"column\">\n\t\t\t<div class=\"elementor-widget-wrap elementor-element-populated\">\n\t\t\t\t\t\t\t\t<div class=\"elementor-element elementor-element-6e24293b animated-slow elementor-invisible elementor-widget elementor-widget-image\" data-id=\"6e24293b\" data-element_type=\"widget\" data-settings=\"{&quot;motion_fx_motion_fx_scrolling&quot;:&quot;yes&quot;,&quot;motion_fx_translateY_effect&quot;:&quot;yes&quot;,&quot;motion_fx_translateY_affectedRange&quot;:{&quot;unit&quot;:&quot;%&quot;,&quot;size&quot;:&quot;&quot;,&quot;sizes&quot;:{&quot;start&quot;:0,&quot;end&quot;:49}},&quot;_animation&quot;:&quot;fadeIn&quot;,&quot;motion_fx_translateY_speed&quot;:{&quot;unit&quot;:&quot;px&quot;,&quot;size&quot;:4,&quot;sizes&quot;:[]},&quot;motion_fx_devices&quot;:[&quot;desktop&quot;,&quot;tablet&quot;,&quot;mobile&quot;]}\" data-widget_type=\"image.default\">\n\t\t\t\t<div class=\"elementor-widget-container\">\n\t\t\t<style>\/*! elementor - v3.14.0 - 18-06-2023 *\/\n.elementor-widget-image{text-align:center}.elementor-widget-image a{display:inline-block}.elementor-widget-image a img[src$=\".svg\"]{width:48px}.elementor-widget-image img{vertical-align:middle;display:inline-block}<\/style>\t\t\t\t\t\t\t\t\t<figure class=\"wp-caption\">\n\t\t\t\t\t\t\t\t\t\t<img loading=\"lazy\" decoding=\"async\" width=\"1920\" height=\"1000\" src=\"https:\/\/www.mapa.bratislavaregion.travel\/geopark-male-karpaty\/wp-content\/uploads\/2023\/02\/Permonik.jpg\" class=\"attachment-full size-full wp-image-279\" alt=\"\" srcset=\"https:\/\/www.mapa.bratislavaregion.travel\/geopark-male-karpaty\/wp-content\/uploads\/2023\/02\/Permonik.jpg 1920w, https:\/\/www.mapa.bratislavaregion.travel\/geopark-male-karpaty\/wp-content\/uploads\/2023\/02\/Permonik-300x156.jpg 300w, https:\/\/www.mapa.bratislavaregion.travel\/geopark-male-karpaty\/wp-content\/uploads\/2023\/02\/Permonik-1024x533.jpg 1024w, https:\/\/www.mapa.bratislavaregion.travel\/geopark-male-karpaty\/wp-content\/uploads\/2023\/02\/Permonik-768x400.jpg 768w, https:\/\/www.mapa.bratislavaregion.travel\/geopark-male-karpaty\/wp-content\/uploads\/2023\/02\/Permonik-1536x800.jpg 1536w\" sizes=\"auto, (max-width: 1920px) 100vw, 1920px\" \/>\t\t\t\t\t\t\t\t\t\t\t<figcaption class=\"widget-image-caption wp-caption-text\"><\/figcaption>\n\t\t\t\t\t\t\t\t\t\t<\/figure>\n\t\t\t\t\t\t\t\t\t<\/div>\n\t\t\t\t<\/div>\n\t\t\t\t\t<\/div>\n\t\t<\/div>\n\t\t\t\t\t\t\t<\/div>\n\t\t<\/section>\n\t\t\t\t<section class=\"elementor-section elementor-top-section elementor-element elementor-element-60ead7b6 elementor-section-boxed elementor-section-height-default elementor-section-height-default\" data-id=\"60ead7b6\" data-element_type=\"section\">\n\t\t\t\t\t\t<div class=\"elementor-container elementor-column-gap-default\">\n\t\t\t\t\t<div class=\"elementor-column elementor-col-100 elementor-top-column elementor-element elementor-element-12677a91\" data-id=\"12677a91\" data-element_type=\"column\">\n\t\t\t<div class=\"elementor-widget-wrap elementor-element-populated\">\n\t\t\t\t\t\t\t\t<div class=\"elementor-element elementor-element-40b3b6cb elementor-widget elementor-widget-spacer\" data-id=\"40b3b6cb\" data-element_type=\"widget\" data-widget_type=\"spacer.default\">\n\t\t\t\t<div class=\"elementor-widget-container\">\n\t\t\t\t\t<div class=\"elementor-spacer\">\n\t\t\t<div class=\"elementor-spacer-inner\"><\/div>\n\t\t<\/div>\n\t\t\t\t<\/div>\n\t\t\t\t<\/div>\n\t\t\t\t<div class=\"elementor-element elementor-element-14dcd237 elementor-widget elementor-widget-heading\" data-id=\"14dcd237\" data-element_type=\"widget\" data-widget_type=\"heading.default\">\n\t\t\t\t<div class=\"elementor-widget-container\">\n\t\t\t<h2 class=\"elementor-heading-title elementor-size-default\">Mapov\u00fd sprievodca\n<\/h2>\t\t<\/div>\n\t\t\t\t<\/div>\n\t\t\t\t<div class=\"elementor-element elementor-element-13e785dc elementor-widget elementor-widget-spacer\" data-id=\"13e785dc\" data-element_type=\"widget\" data-widget_type=\"spacer.default\">\n\t\t\t\t<div class=\"elementor-widget-container\">\n\t\t\t\t\t<div class=\"elementor-spacer\">\n\t\t\t<div class=\"elementor-spacer-inner\"><\/div>\n\t\t<\/div>\n\t\t\t\t<\/div>\n\t\t\t\t<\/div>\n\t\t\t\t\t<\/div>\n\t\t<\/div>\n\t\t\t\t\t\t\t<\/div>\n\t\t<\/section>\n\t\t\t\t<section class=\"elementor-section elementor-top-section elementor-element elementor-element-4afd864b elementor-section-full_width elementor-section-height-default elementor-section-height-default\" data-id=\"4afd864b\" data-element_type=\"section\">\n\t\t\t\t\t\t<div class=\"elementor-container elementor-column-gap-no\">\n\t\t\t\t\t<div class=\"elementor-column elementor-col-100 elementor-top-column elementor-element elementor-element-44927de6\" data-id=\"44927de6\" data-element_type=\"column\">\n\t\t\t<div class=\"elementor-widget-wrap elementor-element-populated\">\n\t\t\t\t\t\t\t\t<div class=\"elementor-element elementor-element-2290ae35 elementor-widget elementor-widget-shortcode\" data-id=\"2290ae35\" data-element_type=\"widget\" data-widget_type=\"shortcode.default\">\n\t\t\t\t<div class=\"elementor-widget-container\">\n\t\t\t\t\t<div class=\"elementor-shortcode\"><iframe loading=\"lazy\" src=\"https:\/\/domcentrope.maps.arcgis.com\/apps\/instant\/basic\/index.html?appid=6bebb912d24144e59a81f709e45d3608\" width=\"400\" height=\"600\" frameborder=\"0\" style=\"border:0\" allowfullscreen>iFrames are not supported on this page.<\/iframe><\/div>\n\t\t\t\t<\/div>\n\t\t\t\t<\/div>\n\t\t\t\t\t<\/div>\n\t\t<\/div>\n\t\t\t\t\t\t\t<\/div>\n\t\t<\/section>\n\t\t\t\t\t\t\t<\/div>\n\t\t","protected":false},"excerpt":{"rendered":"<p>Pezinsk\u00fd Permon\u00edk Podujatia Pezinsk\u00fd Permon\u00edk je malokarpatsk\u00e1 v\u00fdstava a burza miner\u00e1lov, fos\u00edli\u00ed a\u00a0drah\u00fdch kame\u0148ov. Okrem toho je to pr\u00edjemn\u00e9 kult\u00farne podujatie, ktor\u00e9 sa\u00a0kon\u00e1 v\u017edy v auguste po\u010das troch dn\u00ed. Pripraven\u00e9 s\u00fa fascinuj\u00face v\u00fdstavy,\u00a0predajn\u00e1 burza dom\u00e1cich aj zahrani\u010dn\u00fdch vystavovate\u013eov. Radi sa s vami\u00a0podelia o svoje vedomosti a cestovate\u013esk\u00e9 z\u00e1\u017eitky, v\u010faka ktor\u00fdm roz\u0161iruj\u00fa\u00a0svoje zbierky. Domov si odtia\u013eto [&hellip;]<\/p>\n","protected":false},"author":1,"featured_media":279,"parent":0,"menu_order":0,"comment_status":"closed","ping_status":"closed","template":"elementor_header_footer","meta":{"footnotes":""},"class_list":["post-307","page","type-page","status-publish","has-post-thumbnail","hentry"],"_links":{"self":[{"href":"https:\/\/www.mapa.bratislavaregion.travel\/geopark-male-karpaty\/index.php\/wp-json\/wp\/v2\/pages\/307","targetHints":{"allow":["GET"]}}],"collection":[{"href":"https:\/\/www.mapa.bratislavaregion.travel\/geopark-male-karpaty\/index.php\/wp-json\/wp\/v2\/pages"}],"about":[{"href":"https:\/\/www.mapa.bratislavaregion.travel\/geopark-male-karpaty\/index.php\/wp-json\/wp\/v2\/types\/page"}],"author":[{"embeddable":true,"href":"https:\/\/www.mapa.bratislavaregion.travel\/geopark-male-karpaty\/index.php\/wp-json\/wp\/v2\/users\/1"}],"replies":[{"embeddable":true,"href":"https:\/\/www.mapa.bratislavaregion.travel\/geopark-male-karpaty\/index.php\/wp-json\/wp\/v2\/comments?post=307"}],"version-history":[{"count":7,"href":"https:\/\/www.mapa.bratislavaregion.travel\/geopark-male-karpaty\/index.php\/wp-json\/wp\/v2\/pages\/307\/revisions"}],"predecessor-version":[{"id":430,"href":"https:\/\/www.mapa.bratislavaregion.travel\/geopark-male-karpaty\/index.php\/wp-json\/wp\/v2\/pages\/307\/revisions\/430"}],"wp:featuredmedia":[{"embeddable":true,"href":"https:\/\/www.mapa.bratislavaregion.travel\/geopark-male-karpaty\/index.php\/wp-json\/wp\/v2\/media\/279"}],"wp:attachment":[{"href":"https:\/\/www.mapa.bratislavaregion.travel\/geopark-male-karpaty\/index.php\/wp-json\/wp\/v2\/media?parent=307"}],"curies":[{"name":"wp","href":"https:\/\/api.w.org\/{rel}","templated":true}]}}