{"id":135,"date":"2022-12-07T15:07:20","date_gmt":"2022-12-07T15:07:20","guid":{"rendered":"https:\/\/www.mapa.bratislavaregion.travel\/vianocne-trhy\/?page_id=135"},"modified":"2022-12-15T07:19:35","modified_gmt":"2022-12-15T07:19:35","slug":"cezhranicie","status":"publish","type":"page","link":"https:\/\/www.mapa.bratislavaregion.travel\/vianocne-trhy\/index.php\/cezhranicie\/","title":{"rendered":"V cezhrani\u010dnom regi\u00f3ne"},"content":{"rendered":"\t\t<div data-elementor-type=\"wp-page\" data-elementor-id=\"135\" class=\"elementor elementor-135\">\n\t\t\t\t\t\t\t\t\t<section class=\"elementor-section elementor-top-section elementor-element elementor-element-3e713887 elementor-section-boxed elementor-section-height-default elementor-section-height-default\" data-id=\"3e713887\" data-element_type=\"section\">\n\t\t\t\t\t\t<div class=\"elementor-container elementor-column-gap-default\">\n\t\t\t\t\t<div class=\"elementor-column elementor-col-100 elementor-top-column elementor-element elementor-element-7dd7ea86\" data-id=\"7dd7ea86\" data-element_type=\"column\">\n\t\t\t<div class=\"elementor-widget-wrap elementor-element-populated\">\n\t\t\t\t\t\t\t\t<div class=\"elementor-element elementor-element-7d64ccb9 elementor-widget elementor-widget-spacer\" data-id=\"7d64ccb9\" data-element_type=\"widget\" data-widget_type=\"spacer.default\">\n\t\t\t\t<div class=\"elementor-widget-container\">\n\t\t\t<style>\/*! elementor - v3.8.1 - 13-11-2022 *\/\n.elementor-column .elementor-spacer-inner{height:var(--spacer-size)}.e-con{--container-widget-width:100%}.e-con-inner>.elementor-widget-spacer,.e-con>.elementor-widget-spacer{width:var(--container-widget-width,var(--spacer-size));-ms-flex-item-align:stretch;align-self:stretch;-ms-flex-negative:0;flex-shrink:0}.e-con-inner>.elementor-widget-spacer>.elementor-widget-container,.e-con-inner>.elementor-widget-spacer>.elementor-widget-container>.elementor-spacer,.e-con>.elementor-widget-spacer>.elementor-widget-container,.e-con>.elementor-widget-spacer>.elementor-widget-container>.elementor-spacer{height:100%}.e-con-inner>.elementor-widget-spacer>.elementor-widget-container>.elementor-spacer>.elementor-spacer-inner,.e-con>.elementor-widget-spacer>.elementor-widget-container>.elementor-spacer>.elementor-spacer-inner{height:var(--container-widget-height,var(--spacer-size))}<\/style>\t\t<div class=\"elementor-spacer\">\n\t\t\t<div class=\"elementor-spacer-inner\"><\/div>\n\t\t<\/div>\n\t\t\t\t<\/div>\n\t\t\t\t<\/div>\n\t\t\t\t<div class=\"elementor-element elementor-element-774019f5 elementor-widget elementor-widget-heading\" data-id=\"774019f5\" data-element_type=\"widget\" data-widget_type=\"heading.default\">\n\t\t\t\t<div class=\"elementor-widget-container\">\n\t\t\t<style>\/*! elementor - v3.8.1 - 13-11-2022 *\/\n.elementor-heading-title{padding:0;margin:0;line-height:1}.elementor-widget-heading .elementor-heading-title[class*=elementor-size-]>a{color:inherit;font-size:inherit;line-height:inherit}.elementor-widget-heading .elementor-heading-title.elementor-size-small{font-size:15px}.elementor-widget-heading .elementor-heading-title.elementor-size-medium{font-size:19px}.elementor-widget-heading .elementor-heading-title.elementor-size-large{font-size:29px}.elementor-widget-heading .elementor-heading-title.elementor-size-xl{font-size:39px}.elementor-widget-heading .elementor-heading-title.elementor-size-xxl{font-size:59px}<\/style><h1 class=\"elementor-heading-title elementor-size-default\">V cezhrani\u010dnom regi\u00f3ne<\/h1>\t\t<\/div>\n\t\t\t\t<\/div>\n\t\t\t\t<div class=\"elementor-element elementor-element-149230dc elementor-widget elementor-widget-text-editor\" data-id=\"149230dc\" data-element_type=\"widget\" data-widget_type=\"text-editor.default\">\n\t\t\t\t<div class=\"elementor-widget-container\">\n\t\t\t<style>\/*! elementor - v3.8.1 - 13-11-2022 *\/\n.elementor-widget-text-editor.elementor-drop-cap-view-stacked .elementor-drop-cap{background-color:#818a91;color:#fff}.elementor-widget-text-editor.elementor-drop-cap-view-framed .elementor-drop-cap{color:#818a91;border:3px solid;background-color:transparent}.elementor-widget-text-editor:not(.elementor-drop-cap-view-default) .elementor-drop-cap{margin-top:8px}.elementor-widget-text-editor:not(.elementor-drop-cap-view-default) .elementor-drop-cap-letter{width:1em;height:1em}.elementor-widget-text-editor .elementor-drop-cap{float:left;text-align:center;line-height:1;font-size:50px}.elementor-widget-text-editor .elementor-drop-cap-letter{display:inline-block}<\/style>\t\t\t\t<p><a href=\"https:\/\/www.mapa.bratislavaregion.travel\/vianocne-trhy\/index.php\/christkindlmarkt\/\">Christkindlmarkt<\/a> | <a href=\"https:\/\/www.mapa.bratislavaregion.travel\/vianocne-trhy\/index.php\/starovieden\/\">Staroviedensk\u00fd viano\u010dn\u00fd trh<\/a> | <a href=\"https:\/\/www.mapa.bratislavaregion.travel\/vianocne-trhy\/index.php\/namestiemarieterezie\/\">Viano\u010dn\u00e1 dedinka na N\u00e1mest\u00ed M\u00e1rie Ter\u00e9zie<\/a> | <a class=\"row-title\" href=\"https:\/\/www.mapa.bratislavaregion.travel\/vianocne-trhy\/wp-admin\/post.php?post=160&amp;action=edit\" aria-label=\"\u201cSt. P\u00f6lten\u201d (Edit)\">St. P\u00f6lten<\/a> | <a href=\"https:\/\/www.mapa.bratislavaregion.travel\/vianocne-trhy\/index.php\/schlosshoff\/\">Schloss Hoff<\/a> | <a href=\"https:\/\/www.mapa.bratislavaregion.travel\/vianocne-trhy\/index.php\/moson\/\">Mosonmagyar\u00f3v\u00e1r<\/a><\/p>\t\t\t\t\t\t<\/div>\n\t\t\t\t<\/div>\n\t\t\t\t<div class=\"elementor-element elementor-element-6d17d1f5 elementor-widget elementor-widget-spacer\" data-id=\"6d17d1f5\" data-element_type=\"widget\" data-widget_type=\"spacer.default\">\n\t\t\t\t<div class=\"elementor-widget-container\">\n\t\t\t\t\t<div class=\"elementor-spacer\">\n\t\t\t<div class=\"elementor-spacer-inner\"><\/div>\n\t\t<\/div>\n\t\t\t\t<\/div>\n\t\t\t\t<\/div>\n\t\t\t\t<div class=\"elementor-element elementor-element-43415bd2 elementor-widget elementor-widget-text-editor\" data-id=\"43415bd2\" data-element_type=\"widget\" data-widget_type=\"text-editor.default\">\n\t\t\t\t<div class=\"elementor-widget-container\">\n\t\t\t\t\t\t\t<p>Len k\u00fasok za hranicami si m\u00f4\u017eeme vychutn\u00e1va\u0165 dobroty&nbsp;<span style=\"color: var( --e-global-color-text ); font-family: var( --e-global-typography-text-font-family ), Sans-serif; font-weight: var( --e-global-typography-text-font-weight ); font-size: 1rem;\">typick\u00e9 pre na\u0161ich susedov. \u0160koricov\u00e9 hniezda, jab\u013a\u010dka v&nbsp;<\/span><span style=\"color: var( --e-global-color-text ); font-family: var( --e-global-typography-text-font-family ), Sans-serif; font-size: 1rem; font-weight: var( --e-global-typography-text-font-weight );\">karameli, lekv\u00e1rov\u00e9 \u0161i\u0161ky, pern\u00edky, varen\u00fa \u010dokol\u00e1du, ale aj&nbsp;<\/span><span style=\"color: var( --e-global-color-text ); font-family: var( --e-global-typography-text-font-family ), Sans-serif; font-weight: var( --e-global-typography-text-font-weight ); font-size: 1rem;\">klob\u00e1sky \u010di \u00fadeniny, pe\u010den\u00e9 zemiaky na pali\u010dke \u010di pracl\u00edky a&nbsp;<\/span><span style=\"color: var( --e-global-color-text ); font-family: var( --e-global-typography-text-font-family ), Sans-serif; font-weight: var( --e-global-typography-text-font-weight ); font-size: 1rem;\">v\u0161akovak\u00e9 chu\u0165ovky. To v\u0161etko a \u010faleko viac si m\u00f4\u017eete&nbsp;<\/span><span style=\"color: var( --e-global-color-text ); font-family: var( --e-global-typography-text-font-family ), Sans-serif; font-weight: var( --e-global-typography-text-font-weight ); font-size: 1rem;\">dopria\u0165 v pr\u00edhrani\u010dn\u00fdch meste\u010dk\u00e1ch. Na svoje si pr\u00eddu aj&nbsp;<\/span><span style=\"color: var( --e-global-color-text ); font-family: var( --e-global-typography-text-font-family ), Sans-serif; font-weight: var( --e-global-typography-text-font-weight ); font-size: 1rem;\">milovn\u00edci remeselnej tvorby a handmade v\u00fdrobkov.&nbsp;<\/span><span style=\"color: var( --e-global-color-text ); font-family: var( --e-global-typography-text-font-family ), Sans-serif; font-weight: var( --e-global-typography-text-font-weight ); font-size: 1rem;\">Origin\u00e1lne k\u00fasky lok\u00e1lnych tvorcov ozdobia \u010di z\u00fatulnia v\u00e1\u0161&nbsp;<\/span><span style=\"color: var( --e-global-color-text ); font-family: var( --e-global-typography-text-font-family ), Sans-serif; font-weight: var( --e-global-typography-text-font-weight ); font-size: 1rem;\">pr\u00edbytok, alebo nimi m\u00f4\u017eete obdarova\u0165 svojich bl\u00edzkych.&nbsp;<\/span><span style=\"color: var( --e-global-color-text ); font-family: var( --e-global-typography-text-font-family ), Sans-serif; font-weight: var( --e-global-typography-text-font-weight ); font-size: 1rem;\">Pr\u00ed\u010fte, u\u017eite si rozpr\u00e1vkov\u00fd adventn\u00fd \u010das na viano\u010dn\u00fdch&nbsp;<\/span><span style=\"color: var( --e-global-color-text ); font-family: var( --e-global-typography-text-font-family ), Sans-serif; font-weight: var( --e-global-typography-text-font-weight ); font-size: 1rem;\">trhoch v Rak\u00fasku, Ma\u010farsku \u010di \u010cesku a skr\u00e1\u0165te si \u010dakanie&nbsp;<\/span><span style=\"color: var( --e-global-color-text ); font-family: var( --e-global-typography-text-font-family ), Sans-serif; font-weight: var( --e-global-typography-text-font-weight ); font-size: 1rem;\">na pr\u00edchod Vianoc. Na tieto chv\u00edle nezabudnete.<\/span><\/p>\t\t\t\t\t\t<\/div>\n\t\t\t\t<\/div>\n\t\t\t\t\t<\/div>\n\t\t<\/div>\n\t\t\t\t\t\t\t<\/div>\n\t\t<\/section>\n\t\t\t\t<section class=\"elementor-section elementor-top-section elementor-element elementor-element-6b528714 elementor-section-full_width elementor-section-height-default elementor-section-height-default\" data-id=\"6b528714\" data-element_type=\"section\">\n\t\t\t\t\t\t<div class=\"elementor-container elementor-column-gap-no\">\n\t\t\t\t\t<div class=\"elementor-column elementor-col-100 elementor-top-column elementor-element elementor-element-157ff24a\" data-id=\"157ff24a\" data-element_type=\"column\">\n\t\t\t<div class=\"elementor-widget-wrap elementor-element-populated\">\n\t\t\t\t\t\t\t\t<div class=\"elementor-element elementor-element-1ed954cd animated-slow elementor-invisible elementor-widget elementor-widget-image\" data-id=\"1ed954cd\" data-element_type=\"widget\" data-settings=\"{&quot;motion_fx_motion_fx_scrolling&quot;:&quot;yes&quot;,&quot;motion_fx_translateY_effect&quot;:&quot;yes&quot;,&quot;motion_fx_translateY_affectedRange&quot;:{&quot;unit&quot;:&quot;%&quot;,&quot;size&quot;:&quot;&quot;,&quot;sizes&quot;:{&quot;start&quot;:0,&quot;end&quot;:49}},&quot;_animation&quot;:&quot;fadeIn&quot;,&quot;motion_fx_translateY_speed&quot;:{&quot;unit&quot;:&quot;px&quot;,&quot;size&quot;:4,&quot;sizes&quot;:[]},&quot;motion_fx_devices&quot;:[&quot;desktop&quot;,&quot;tablet&quot;,&quot;mobile&quot;]}\" data-widget_type=\"image.default\">\n\t\t\t\t<div class=\"elementor-widget-container\">\n\t\t\t<style>\/*! elementor - v3.8.1 - 13-11-2022 *\/\n.elementor-widget-image{text-align:center}.elementor-widget-image a{display:inline-block}.elementor-widget-image a img[src$=\".svg\"]{width:48px}.elementor-widget-image img{vertical-align:middle;display:inline-block}<\/style>\t\t\t\t\t\t\t\t\t\t\t\t<img loading=\"lazy\" decoding=\"async\" width=\"1920\" height=\"1280\" src=\"https:\/\/www.mapa.bratislavaregion.travel\/vianocne-trhy\/wp-content\/uploads\/2022\/12\/Rakusko.jpg\" class=\"attachment-full size-full\" alt=\"\" srcset=\"https:\/\/www.mapa.bratislavaregion.travel\/vianocne-trhy\/wp-content\/uploads\/2022\/12\/Rakusko.jpg 1920w, https:\/\/www.mapa.bratislavaregion.travel\/vianocne-trhy\/wp-content\/uploads\/2022\/12\/Rakusko-300x200.jpg 300w, https:\/\/www.mapa.bratislavaregion.travel\/vianocne-trhy\/wp-content\/uploads\/2022\/12\/Rakusko-1024x683.jpg 1024w, https:\/\/www.mapa.bratislavaregion.travel\/vianocne-trhy\/wp-content\/uploads\/2022\/12\/Rakusko-768x512.jpg 768w, https:\/\/www.mapa.bratislavaregion.travel\/vianocne-trhy\/wp-content\/uploads\/2022\/12\/Rakusko-1536x1024.jpg 1536w\" sizes=\"auto, (max-width: 1920px) 100vw, 1920px\" \/>\t\t\t\t\t\t\t\t\t\t\t\t\t\t\t<\/div>\n\t\t\t\t<\/div>\n\t\t\t\t\t<\/div>\n\t\t<\/div>\n\t\t\t\t\t\t\t<\/div>\n\t\t<\/section>\n\t\t\t\t<section class=\"elementor-section elementor-top-section elementor-element elementor-element-618a6d0f elementor-section-boxed elementor-section-height-default elementor-section-height-default\" data-id=\"618a6d0f\" data-element_type=\"section\">\n\t\t\t\t\t\t<div class=\"elementor-container elementor-column-gap-default\">\n\t\t\t\t\t<div class=\"elementor-column elementor-col-100 elementor-top-column elementor-element elementor-element-1ef38f9d\" data-id=\"1ef38f9d\" data-element_type=\"column\">\n\t\t\t<div class=\"elementor-widget-wrap elementor-element-populated\">\n\t\t\t\t\t\t\t\t<div class=\"elementor-element elementor-element-c016537 elementor-widget elementor-widget-spacer\" data-id=\"c016537\" data-element_type=\"widget\" data-widget_type=\"spacer.default\">\n\t\t\t\t<div class=\"elementor-widget-container\">\n\t\t\t\t\t<div class=\"elementor-spacer\">\n\t\t\t<div class=\"elementor-spacer-inner\"><\/div>\n\t\t<\/div>\n\t\t\t\t<\/div>\n\t\t\t\t<\/div>\n\t\t\t\t<div class=\"elementor-element elementor-element-765d4060 elementor-widget elementor-widget-heading\" data-id=\"765d4060\" data-element_type=\"widget\" data-widget_type=\"heading.default\">\n\t\t\t\t<div class=\"elementor-widget-container\">\n\t\t\t<h2 class=\"elementor-heading-title elementor-size-default\">Mapov\u00fd sprievodca\n<\/h2>\t\t<\/div>\n\t\t\t\t<\/div>\n\t\t\t\t<div class=\"elementor-element elementor-element-42d8c997 elementor-widget elementor-widget-spacer\" data-id=\"42d8c997\" data-element_type=\"widget\" data-widget_type=\"spacer.default\">\n\t\t\t\t<div class=\"elementor-widget-container\">\n\t\t\t\t\t<div class=\"elementor-spacer\">\n\t\t\t<div class=\"elementor-spacer-inner\"><\/div>\n\t\t<\/div>\n\t\t\t\t<\/div>\n\t\t\t\t<\/div>\n\t\t\t\t\t<\/div>\n\t\t<\/div>\n\t\t\t\t\t\t\t<\/div>\n\t\t<\/section>\n\t\t\t\t<section class=\"elementor-section elementor-top-section elementor-element elementor-element-5a30f9d5 elementor-section-full_width elementor-section-height-default elementor-section-height-default\" data-id=\"5a30f9d5\" data-element_type=\"section\">\n\t\t\t\t\t\t<div class=\"elementor-container elementor-column-gap-no\">\n\t\t\t\t\t<div class=\"elementor-column elementor-col-100 elementor-top-column elementor-element elementor-element-375f496c\" data-id=\"375f496c\" data-element_type=\"column\">\n\t\t\t<div class=\"elementor-widget-wrap elementor-element-populated\">\n\t\t\t\t\t\t\t\t<div class=\"elementor-element elementor-element-132443ba elementor-widget elementor-widget-shortcode\" data-id=\"132443ba\" data-element_type=\"widget\" data-widget_type=\"shortcode.default\">\n\t\t\t\t<div class=\"elementor-widget-container\">\n\t\t\t\t\t<div class=\"elementor-shortcode\"><iframe loading=\"lazy\" src=\"https:\/\/domcentrope.maps.arcgis.com\/apps\/instant\/basic\/index.html?appid=7f6883507beb40f998796258b88920d7\" width=\"400\" height=\"600\" frameborder=\"0\" style=\"border:0\" allowfullscreen>iFrames are not supported on this page.<\/iframe><\/div>\n\t\t\t\t<\/div>\n\t\t\t\t<\/div>\n\t\t\t\t\t<\/div>\n\t\t<\/div>\n\t\t\t\t\t\t\t<\/div>\n\t\t<\/section>\n\t\t\t\t\t\t\t<\/div>\n\t\t","protected":false},"excerpt":{"rendered":"<p>V cezhrani\u010dnom regi\u00f3ne Christkindlmarkt | Staroviedensk\u00fd viano\u010dn\u00fd trh | Viano\u010dn\u00e1 dedinka na N\u00e1mest\u00ed M\u00e1rie Ter\u00e9zie | St. P\u00f6lten | Schloss Hoff | Mosonmagyar\u00f3v\u00e1r Len k\u00fasok za hranicami si m\u00f4\u017eeme vychutn\u00e1va\u0165 dobroty&nbsp;typick\u00e9 pre na\u0161ich susedov. \u0160koricov\u00e9 hniezda, jab\u013a\u010dka v&nbsp;karameli, lekv\u00e1rov\u00e9 \u0161i\u0161ky, pern\u00edky, varen\u00fa \u010dokol\u00e1du, ale aj&nbsp;klob\u00e1sky \u010di \u00fadeniny, pe\u010den\u00e9 zemiaky na pali\u010dke \u010di pracl\u00edky a&nbsp;v\u0161akovak\u00e9 chu\u0165ovky. [&hellip;]<\/p>\n","protected":false},"author":1,"featured_media":0,"parent":0,"menu_order":0,"comment_status":"closed","ping_status":"closed","template":"elementor_header_footer","meta":{"footnotes":""},"class_list":["post-135","page","type-page","status-publish","hentry"],"_links":{"self":[{"href":"https:\/\/www.mapa.bratislavaregion.travel\/vianocne-trhy\/index.php\/wp-json\/wp\/v2\/pages\/135","targetHints":{"allow":["GET"]}}],"collection":[{"href":"https:\/\/www.mapa.bratislavaregion.travel\/vianocne-trhy\/index.php\/wp-json\/wp\/v2\/pages"}],"about":[{"href":"https:\/\/www.mapa.bratislavaregion.travel\/vianocne-trhy\/index.php\/wp-json\/wp\/v2\/types\/page"}],"author":[{"embeddable":true,"href":"https:\/\/www.mapa.bratislavaregion.travel\/vianocne-trhy\/index.php\/wp-json\/wp\/v2\/users\/1"}],"replies":[{"embeddable":true,"href":"https:\/\/www.mapa.bratislavaregion.travel\/vianocne-trhy\/index.php\/wp-json\/wp\/v2\/comments?post=135"}],"version-history":[{"count":24,"href":"https:\/\/www.mapa.bratislavaregion.travel\/vianocne-trhy\/index.php\/wp-json\/wp\/v2\/pages\/135\/revisions"}],"predecessor-version":[{"id":563,"href":"https:\/\/www.mapa.bratislavaregion.travel\/vianocne-trhy\/index.php\/wp-json\/wp\/v2\/pages\/135\/revisions\/563"}],"wp:attachment":[{"href":"https:\/\/www.mapa.bratislavaregion.travel\/vianocne-trhy\/index.php\/wp-json\/wp\/v2\/media?parent=135"}],"curies":[{"name":"wp","href":"https:\/\/api.w.org\/{rel}","templated":true}]}}