{"id":190,"date":"2022-11-14T17:49:37","date_gmt":"2022-11-14T17:49:37","guid":{"rendered":"https:\/\/www.mapa.bratislavaregion.travel\/vinna-cesta\/?page_id=190"},"modified":"2022-11-28T20:46:56","modified_gmt":"2022-11-28T20:46:56","slug":"velkopavlovicka_vinarska_cesta","status":"publish","type":"page","link":"https:\/\/www.mapa.bratislavaregion.travel\/vinna-cesta\/index.php\/velkopavlovicka_vinarska_cesta\/","title":{"rendered":"Velkopavlovick\u00e1 vin\u00e1rska cesta"},"content":{"rendered":"\t\t<div data-elementor-type=\"wp-page\" data-elementor-id=\"190\" class=\"elementor elementor-190\">\n\t\t\t\t\t\t\t\t\t<section class=\"elementor-section elementor-top-section elementor-element elementor-element-1b9c8c68 elementor-section-boxed elementor-section-height-default elementor-section-height-default\" data-id=\"1b9c8c68\" data-element_type=\"section\">\n\t\t\t\t\t\t<div class=\"elementor-container elementor-column-gap-default\">\n\t\t\t\t\t<div class=\"elementor-column elementor-col-100 elementor-top-column elementor-element elementor-element-67e2ce52\" data-id=\"67e2ce52\" data-element_type=\"column\">\n\t\t\t<div class=\"elementor-widget-wrap elementor-element-populated\">\n\t\t\t\t\t\t\t\t<div class=\"elementor-element elementor-element-5afe806b elementor-widget elementor-widget-spacer\" data-id=\"5afe806b\" data-element_type=\"widget\" data-widget_type=\"spacer.default\">\n\t\t\t\t<div class=\"elementor-widget-container\">\n\t\t\t<style>\/*! elementor - v3.8.1 - 13-11-2022 *\/\n.elementor-column .elementor-spacer-inner{height:var(--spacer-size)}.e-con{--container-widget-width:100%}.e-con-inner>.elementor-widget-spacer,.e-con>.elementor-widget-spacer{width:var(--container-widget-width,var(--spacer-size));-ms-flex-item-align:stretch;align-self:stretch;-ms-flex-negative:0;flex-shrink:0}.e-con-inner>.elementor-widget-spacer>.elementor-widget-container,.e-con-inner>.elementor-widget-spacer>.elementor-widget-container>.elementor-spacer,.e-con>.elementor-widget-spacer>.elementor-widget-container,.e-con>.elementor-widget-spacer>.elementor-widget-container>.elementor-spacer{height:100%}.e-con-inner>.elementor-widget-spacer>.elementor-widget-container>.elementor-spacer>.elementor-spacer-inner,.e-con>.elementor-widget-spacer>.elementor-widget-container>.elementor-spacer>.elementor-spacer-inner{height:var(--container-widget-height,var(--spacer-size))}<\/style>\t\t<div class=\"elementor-spacer\">\n\t\t\t<div class=\"elementor-spacer-inner\"><\/div>\n\t\t<\/div>\n\t\t\t\t<\/div>\n\t\t\t\t<\/div>\n\t\t\t\t<div class=\"elementor-element elementor-element-56310617 elementor-widget elementor-widget-heading\" data-id=\"56310617\" data-element_type=\"widget\" data-widget_type=\"heading.default\">\n\t\t\t\t<div class=\"elementor-widget-container\">\n\t\t\t<style>\/*! elementor - v3.8.1 - 13-11-2022 *\/\n.elementor-heading-title{padding:0;margin:0;line-height:1}.elementor-widget-heading .elementor-heading-title[class*=elementor-size-]>a{color:inherit;font-size:inherit;line-height:inherit}.elementor-widget-heading .elementor-heading-title.elementor-size-small{font-size:15px}.elementor-widget-heading .elementor-heading-title.elementor-size-medium{font-size:19px}.elementor-widget-heading .elementor-heading-title.elementor-size-large{font-size:29px}.elementor-widget-heading .elementor-heading-title.elementor-size-xl{font-size:39px}.elementor-widget-heading .elementor-heading-title.elementor-size-xxl{font-size:59px}<\/style><h1 class=\"elementor-heading-title elementor-size-default\">Ve\u013ekopavlovick\u00e1 vin\u00e1rska cesta<\/h1>\t\t<\/div>\n\t\t\t\t<\/div>\n\t\t\t\t<div class=\"elementor-element elementor-element-c432788 elementor-widget elementor-widget-text-editor\" data-id=\"c432788\" data-element_type=\"widget\" data-widget_type=\"text-editor.default\">\n\t\t\t\t<div class=\"elementor-widget-container\">\n\t\t\t<style>\/*! elementor - v3.8.1 - 13-11-2022 *\/\n.elementor-widget-text-editor.elementor-drop-cap-view-stacked .elementor-drop-cap{background-color:#818a91;color:#fff}.elementor-widget-text-editor.elementor-drop-cap-view-framed .elementor-drop-cap{color:#818a91;border:3px solid;background-color:transparent}.elementor-widget-text-editor:not(.elementor-drop-cap-view-default) .elementor-drop-cap{margin-top:8px}.elementor-widget-text-editor:not(.elementor-drop-cap-view-default) .elementor-drop-cap-letter{width:1em;height:1em}.elementor-widget-text-editor .elementor-drop-cap{float:left;text-align:center;line-height:1;font-size:50px}.elementor-widget-text-editor .elementor-drop-cap-letter{display:inline-block}<\/style>\t\t\t\t<p><a href=\"https:\/\/www.mapa.bratislavaregion.travel\/vinna-cesta\/index.php\/morava\/\">Morava<\/a><\/p>\t\t\t\t\t\t<\/div>\n\t\t\t\t<\/div>\n\t\t\t\t<div class=\"elementor-element elementor-element-76f8475c elementor-widget elementor-widget-spacer\" data-id=\"76f8475c\" data-element_type=\"widget\" data-widget_type=\"spacer.default\">\n\t\t\t\t<div class=\"elementor-widget-container\">\n\t\t\t\t\t<div class=\"elementor-spacer\">\n\t\t\t<div class=\"elementor-spacer-inner\"><\/div>\n\t\t<\/div>\n\t\t\t\t<\/div>\n\t\t\t\t<\/div>\n\t\t\t\t<div class=\"elementor-element elementor-element-425de3c3 elementor-widget elementor-widget-text-editor\" data-id=\"425de3c3\" data-element_type=\"widget\" data-widget_type=\"text-editor.default\">\n\t\t\t\t<div class=\"elementor-widget-container\">\n\t\t\t\t\t\t\t<p>Ve\u013ekopavlovicko je ob\u010das naz\u00fdvan\u00e9 aj &#8220;krajom bez tie\u0148a&#8221; alebo aj &#8220;krajom modr\u00fdch h\u00f4r&#8221;. Prv\u00fd pr\u00edvlastok dostalo lebo tu nie s\u00fa takmer \u017eiadne lesy, druh\u00fd lebo sa tu dar\u00ed hlavne modr\u00fdm odrod\u00e1m. T\u00fdmito svojimi darmi l\u00e1ka aj milovn\u00edkov cyklistiky, ktor\u00fdm sa pred o\u010dami rozprestr\u00fa poh\u013eady do\u010faleka. T\u00e1to v\u00ednna cesta v\u00e1s zavedie nielen do pivn\u00edc, ale aj k brehom Novomlynskej n\u00e1dr\u017ee pri \u0160akviciach. K\u00fasok odtia\u013eto sa nach\u00e1dza Z\u00e1mok Lednice, obkolesen\u00fd parkom s minaretom a romantick\u00e1 zr\u00facanina J\u00e1novho hradu. Odpor\u00fa\u010dame tie\u017e st\u00e1lu vin\u00e1rsku expoz\u00edciu v dome U Synk\u016f v meste Hustope\u010de. Ak chcete nav\u0161t\u00edvi\u0165 najv\u00e4\u010d\u0161iu vin\u00e1rsku obec v \u010cesku, zav\u00edtajte do Velk\u00fdch B\u00edlovic, templ\u00e1rske pivnice v\u00e1s \u010dakaj\u00fa v \u010cejkoviciach.\u00a0<\/p>\t\t\t\t\t\t<\/div>\n\t\t\t\t<\/div>\n\t\t\t\t\t<\/div>\n\t\t<\/div>\n\t\t\t\t\t\t\t<\/div>\n\t\t<\/section>\n\t\t\t\t<section class=\"elementor-section elementor-top-section elementor-element elementor-element-57f96773 elementor-section-full_width elementor-section-height-default elementor-section-height-default\" data-id=\"57f96773\" data-element_type=\"section\">\n\t\t\t\t\t\t<div class=\"elementor-container elementor-column-gap-no\">\n\t\t\t\t\t<div class=\"elementor-column elementor-col-100 elementor-top-column elementor-element elementor-element-1f7917ac\" data-id=\"1f7917ac\" data-element_type=\"column\">\n\t\t\t<div class=\"elementor-widget-wrap elementor-element-populated\">\n\t\t\t\t\t\t\t\t<div class=\"elementor-element elementor-element-60169e63 animated-slow elementor-invisible elementor-widget elementor-widget-image\" data-id=\"60169e63\" data-element_type=\"widget\" data-settings=\"{&quot;motion_fx_motion_fx_scrolling&quot;:&quot;yes&quot;,&quot;motion_fx_translateY_effect&quot;:&quot;yes&quot;,&quot;motion_fx_translateY_affectedRange&quot;:{&quot;unit&quot;:&quot;%&quot;,&quot;size&quot;:&quot;&quot;,&quot;sizes&quot;:{&quot;start&quot;:0,&quot;end&quot;:49}},&quot;_animation&quot;:&quot;fadeIn&quot;,&quot;motion_fx_translateY_speed&quot;:{&quot;unit&quot;:&quot;px&quot;,&quot;size&quot;:4,&quot;sizes&quot;:[]},&quot;motion_fx_devices&quot;:[&quot;desktop&quot;,&quot;tablet&quot;,&quot;mobile&quot;]}\" data-widget_type=\"image.default\">\n\t\t\t\t<div class=\"elementor-widget-container\">\n\t\t\t<style>\/*! elementor - v3.8.1 - 13-11-2022 *\/\n.elementor-widget-image{text-align:center}.elementor-widget-image a{display:inline-block}.elementor-widget-image a img[src$=\".svg\"]{width:48px}.elementor-widget-image img{vertical-align:middle;display:inline-block}<\/style>\t\t\t\t\t\t\t\t\t<figure class=\"wp-caption\">\n\t\t\t\t\t\t\t\t\t\t<img loading=\"lazy\" decoding=\"async\" width=\"1000\" height=\"750\" src=\"https:\/\/www.mapa.bratislavaregion.travel\/vinna-cesta\/wp-content\/uploads\/2022\/11\/22-Velkopavlovicka_img.png\" class=\"attachment-full size-full\" alt=\"\" srcset=\"https:\/\/www.mapa.bratislavaregion.travel\/vinna-cesta\/wp-content\/uploads\/2022\/11\/22-Velkopavlovicka_img.png 1000w, https:\/\/www.mapa.bratislavaregion.travel\/vinna-cesta\/wp-content\/uploads\/2022\/11\/22-Velkopavlovicka_img-300x225.png 300w, https:\/\/www.mapa.bratislavaregion.travel\/vinna-cesta\/wp-content\/uploads\/2022\/11\/22-Velkopavlovicka_img-768x576.png 768w\" sizes=\"auto, (max-width: 1000px) 100vw, 1000px\" \/>\t\t\t\t\t\t\t\t\t\t\t<figcaption class=\"widget-image-caption wp-caption-text\"><\/figcaption>\n\t\t\t\t\t\t\t\t\t\t<\/figure>\n\t\t\t\t\t\t\t\t\t<\/div>\n\t\t\t\t<\/div>\n\t\t\t\t\t<\/div>\n\t\t<\/div>\n\t\t\t\t\t\t\t<\/div>\n\t\t<\/section>\n\t\t\t\t<section class=\"elementor-section elementor-top-section elementor-element elementor-element-2fc01352 elementor-section-boxed elementor-section-height-default elementor-section-height-default\" data-id=\"2fc01352\" data-element_type=\"section\">\n\t\t\t\t\t\t<div class=\"elementor-container elementor-column-gap-default\">\n\t\t\t\t\t<div class=\"elementor-column elementor-col-100 elementor-top-column elementor-element elementor-element-41754ec7\" data-id=\"41754ec7\" data-element_type=\"column\">\n\t\t\t<div class=\"elementor-widget-wrap elementor-element-populated\">\n\t\t\t\t\t\t\t\t<div class=\"elementor-element elementor-element-5bad1c5c elementor-widget elementor-widget-spacer\" data-id=\"5bad1c5c\" data-element_type=\"widget\" data-widget_type=\"spacer.default\">\n\t\t\t\t<div class=\"elementor-widget-container\">\n\t\t\t\t\t<div class=\"elementor-spacer\">\n\t\t\t<div class=\"elementor-spacer-inner\"><\/div>\n\t\t<\/div>\n\t\t\t\t<\/div>\n\t\t\t\t<\/div>\n\t\t\t\t<div class=\"elementor-element elementor-element-53b8b262 elementor-widget elementor-widget-heading\" data-id=\"53b8b262\" data-element_type=\"widget\" data-widget_type=\"heading.default\">\n\t\t\t\t<div class=\"elementor-widget-container\">\n\t\t\t<h2 class=\"elementor-heading-title elementor-size-default\">Mapov\u00fd sprievodca\n<\/h2>\t\t<\/div>\n\t\t\t\t<\/div>\n\t\t\t\t<div class=\"elementor-element elementor-element-28ead62 elementor-widget elementor-widget-spacer\" data-id=\"28ead62\" data-element_type=\"widget\" data-widget_type=\"spacer.default\">\n\t\t\t\t<div class=\"elementor-widget-container\">\n\t\t\t\t\t<div class=\"elementor-spacer\">\n\t\t\t<div class=\"elementor-spacer-inner\"><\/div>\n\t\t<\/div>\n\t\t\t\t<\/div>\n\t\t\t\t<\/div>\n\t\t\t\t\t<\/div>\n\t\t<\/div>\n\t\t\t\t\t\t\t<\/div>\n\t\t<\/section>\n\t\t\t\t<section class=\"elementor-section elementor-top-section elementor-element elementor-element-46ec9a8f elementor-section-full_width elementor-section-height-default elementor-section-height-default\" data-id=\"46ec9a8f\" data-element_type=\"section\">\n\t\t\t\t\t\t<div class=\"elementor-container elementor-column-gap-no\">\n\t\t\t\t\t<div class=\"elementor-column elementor-col-100 elementor-top-column elementor-element elementor-element-296570e1\" data-id=\"296570e1\" data-element_type=\"column\">\n\t\t\t<div class=\"elementor-widget-wrap elementor-element-populated\">\n\t\t\t\t\t\t\t\t<div class=\"elementor-element elementor-element-77a681ad elementor-widget elementor-widget-shortcode\" data-id=\"77a681ad\" data-element_type=\"widget\" data-widget_type=\"shortcode.default\">\n\t\t\t\t<div class=\"elementor-widget-container\">\n\t\t\t\t\t<div class=\"elementor-shortcode\"><iframe loading=\"lazy\" src=\"https:\/\/domcentrope.maps.arcgis.com\/apps\/instant\/basic\/index.html?appid=2f916b86723f442fa457d0f9c76d16e8\" width=\"400\" height=\"600\" frameborder=\"0\" style=\"border:0\" allowfullscreen>iFrames are not supported on this page.<\/iframe><\/div>\n\t\t\t\t<\/div>\n\t\t\t\t<\/div>\n\t\t\t\t\t<\/div>\n\t\t<\/div>\n\t\t\t\t\t\t\t<\/div>\n\t\t<\/section>\n\t\t\t\t\t\t\t<\/div>\n\t\t","protected":false},"excerpt":{"rendered":"<p>Ve\u013ekopavlovick\u00e1 vin\u00e1rska cesta Morava Ve\u013ekopavlovicko je ob\u010das naz\u00fdvan\u00e9 aj &#8220;krajom bez tie\u0148a&#8221; alebo aj &#8220;krajom modr\u00fdch h\u00f4r&#8221;. Prv\u00fd pr\u00edvlastok dostalo lebo tu nie s\u00fa takmer \u017eiadne lesy, druh\u00fd lebo sa tu dar\u00ed hlavne modr\u00fdm odrod\u00e1m. T\u00fdmito svojimi darmi l\u00e1ka aj milovn\u00edkov cyklistiky, ktor\u00fdm sa pred o\u010dami rozprestr\u00fa poh\u013eady do\u010faleka. T\u00e1to v\u00ednna cesta v\u00e1s zavedie nielen [&hellip;]<\/p>\n","protected":false},"author":1,"featured_media":506,"parent":0,"menu_order":0,"comment_status":"closed","ping_status":"closed","template":"elementor_header_footer","meta":{"footnotes":""},"class_list":["post-190","page","type-page","status-publish","has-post-thumbnail","hentry"],"_links":{"self":[{"href":"https:\/\/www.mapa.bratislavaregion.travel\/vinna-cesta\/index.php\/wp-json\/wp\/v2\/pages\/190","targetHints":{"allow":["GET"]}}],"collection":[{"href":"https:\/\/www.mapa.bratislavaregion.travel\/vinna-cesta\/index.php\/wp-json\/wp\/v2\/pages"}],"about":[{"href":"https:\/\/www.mapa.bratislavaregion.travel\/vinna-cesta\/index.php\/wp-json\/wp\/v2\/types\/page"}],"author":[{"embeddable":true,"href":"https:\/\/www.mapa.bratislavaregion.travel\/vinna-cesta\/index.php\/wp-json\/wp\/v2\/users\/1"}],"replies":[{"embeddable":true,"href":"https:\/\/www.mapa.bratislavaregion.travel\/vinna-cesta\/index.php\/wp-json\/wp\/v2\/comments?post=190"}],"version-history":[{"count":14,"href":"https:\/\/www.mapa.bratislavaregion.travel\/vinna-cesta\/index.php\/wp-json\/wp\/v2\/pages\/190\/revisions"}],"predecessor-version":[{"id":1125,"href":"https:\/\/www.mapa.bratislavaregion.travel\/vinna-cesta\/index.php\/wp-json\/wp\/v2\/pages\/190\/revisions\/1125"}],"wp:featuredmedia":[{"embeddable":true,"href":"https:\/\/www.mapa.bratislavaregion.travel\/vinna-cesta\/index.php\/wp-json\/wp\/v2\/media\/506"}],"wp:attachment":[{"href":"https:\/\/www.mapa.bratislavaregion.travel\/vinna-cesta\/index.php\/wp-json\/wp\/v2\/media?parent=190"}],"curies":[{"name":"wp","href":"https:\/\/api.w.org\/{rel}","templated":true}]}}